{"id":19,"date":"2017-11-11T18:29:48","date_gmt":"2017-11-11T17:29:48","guid":{"rendered":"http:\/\/localhost\/wordpress\/?page_id=19"},"modified":"2021-03-04T16:04:26","modified_gmt":"2021-03-04T15:04:26","slug":"societe","status":"publish","type":"page","link":"https:\/\/bssolutionexpertise.com\/index.php\/societe\/","title":{"rendered":"Soci\u00e9t\u00e9"},"content":{"rendered":"<p><div class=\"fusion-fullwidth fullwidth-box fusion-builder-row-1 nonhundred-percent-fullwidth non-hundred-percent-height-scrolling\" style=\"background-color: rgba(255,255,255,0);background-position: center center;background-repeat: no-repeat;padding-top:0px;padding-right:0px;padding-bottom:0px;padding-left:0px;margin-bottom: 0px;margin-top: 0px;border-width: 0px 0px 0px 0px;border-color:#eae9e9;border-style:solid;\" ><div class=\"fusion-builder-row fusion-row\"><div class=\"fusion-layout-column fusion_builder_column fusion-builder-column-0 fusion_builder_column_1_1 1_1 fusion-one-full fusion-column-first fusion-column-last\" style=\"margin-top:0px;margin-bottom:0px;\"><div class=\"fusion-column-wrapper fusion-flex-column-wrapper-legacy\" style=\"background-position:left top;background-repeat:no-repeat;-webkit-background-size:cover;-moz-background-size:cover;-o-background-size:cover;background-size:cover;padding: 0px 0px 0px 0px;\"><div class=\"fusion-text fusion-text-1\"><div class=\"col-md-10 col-md-offset-1 col-sm-12 col-xs-12\">\n<h1>A propos de BS Solutions et Expertises<\/h1>\n<p>Nous proposons des solutions pour les ressources humaines et la gestion des syst\u00e8mes d\u2019information RH, ainsi que du conseil et de l\u2019expertise sur la digitalisation des processus RH.<\/p>\n<p>Avec une exp\u00e9rience de plus de 10 ans dans les domaines RH, nous avons mis au point plusieurs logiciels permettant \u00e0 nos clients de r\u00e9aliser des gains de temps et d\u2019argent sur diff\u00e9rents domaines RH et SIRH. Nous continuons \u00e9galement de proposer notre expertise aupr\u00e8s de grands groupes, mais \u00e9galement de PME pour des besoins plus cibl\u00e9.Notre capacit\u00e9 d\u2019\u00e9coute et d\u2019\u00e9volution, nous permet de proposer des solutions et prestations au plus proche des besoins de nos clients.<\/p>\n<p>Nous avons r\u00e9cemment d\u00e9velopp\u00e9 un web service permettant de faire communiquer le progiciel HR Access, d\u00e9velopp\u00e9 en COBOL, avec une application mobile de derni\u00e8re g\u00e9n\u00e9ration, afin que les collaborateurs d\u2019un grand groupe Fran\u00e7ais, puissent consulter et valider leur entretien professionnel de formation, directement depuis une tablette.<\/p>\n<h2>L&rsquo;\u00e9quipe BS<\/h2>\n<p><img data-recalc-dims=\"1\" decoding=\"async\" data-attachment-id=\"237\" data-permalink=\"https:\/\/bssolutionexpertise.com\/index.php\/solutions\/assistant-hra\/emmanuel-bocquet-rond-v4-2\/\" data-orig-file=\"https:\/\/i0.wp.com\/bssolutionexpertise.com\/wp-content\/uploads\/2017\/11\/Emmanuel-bocquet-rond-V4-1.png?fit=130%2C130&amp;ssl=1\" data-orig-size=\"130,130\" data-comments-opened=\"1\" data-image-meta=\"{&quot;aperture&quot;:&quot;0&quot;,&quot;credit&quot;:&quot;&quot;,&quot;camera&quot;:&quot;&quot;,&quot;caption&quot;:&quot;&quot;,&quot;created_timestamp&quot;:&quot;0&quot;,&quot;copyright&quot;:&quot;&quot;,&quot;focal_length&quot;:&quot;0&quot;,&quot;iso&quot;:&quot;0&quot;,&quot;shutter_speed&quot;:&quot;0&quot;,&quot;title&quot;:&quot;&quot;,&quot;orientation&quot;:&quot;0&quot;}\" data-image-title=\"Emmanuel BOCQUET\" data-image-description=\"&lt;p&gt;Emmanuel BOCQUET&lt;\/p&gt;\n\" data-image-caption=\"\" data-medium-file=\"https:\/\/i0.wp.com\/bssolutionexpertise.com\/wp-content\/uploads\/2017\/11\/Emmanuel-bocquet-rond-V4-1.png?fit=130%2C130&amp;ssl=1\" data-large-file=\"https:\/\/i0.wp.com\/bssolutionexpertise.com\/wp-content\/uploads\/2017\/11\/Emmanuel-bocquet-rond-V4-1.png?fit=130%2C130&amp;ssl=1\" class=\"alignnone size-full wp-image-237\" src=\"https:\/\/i0.wp.com\/bssolutionexpertise.com\/wp-content\/uploads\/2017\/11\/Emmanuel-bocquet-rond-V4-1.png?resize=130%2C130&#038;ssl=1\" alt=\"Emmanuel BOCQUET\" width=\"130\" height=\"130\" srcset=\"https:\/\/i0.wp.com\/bssolutionexpertise.com\/wp-content\/uploads\/2017\/11\/Emmanuel-bocquet-rond-V4-1.png?resize=66%2C66&amp;ssl=1 66w, https:\/\/i0.wp.com\/bssolutionexpertise.com\/wp-content\/uploads\/2017\/11\/Emmanuel-bocquet-rond-V4-1.png?w=130&amp;ssl=1 130w\" sizes=\"(max-width: 130px) 100vw, 130px\" \/><\/p>\n<p><span style=\"color: #0000ff;\"><strong>Emmanuel BOCQUET<\/strong><\/span><\/p>\n<p><span style=\"color: #0000ff;\"><strong>Dirigeant<\/strong><\/span><\/p>\n<p>+33 768 90 53 42<\/p>\n<p><a href=\"mailto:emmanuel.bocquet@bs-se.com\">emmanuel.bocquet@bs-se.com<\/a><\/p>\n<p>Dipl\u00f4m\u00e9 de l\u2019\u00e9cole Centrale de Lille, ainsi que dipl\u00f4m\u00e9 d\u2019un DEA en Micro-\u00e9lectronique, Ondes et Nanotechnologies en 2004. Emmanuel commence \u00e7a carri\u00e8re au sein de <a href=\"https:\/\/www.viveris.fr\">Viveris<\/a>, ou il a acquis une solide connaissance des projets informatiques et de divers langages de programmation. Il commencera notamment \u00e7a sp\u00e9cialisation sur le progiciel HR Access. Emmanuel poursuit \u00e7a carri\u00e8re en 2008 chez BULL afin d\u2019acqu\u00e9rir des comp\u00e9tences d\u2019int\u00e9grateur. Emmanuel rejoindra en 2010 le cabinet de conseil <a href=\"http:\/\/www.althea-groupe.com\/\">Alth\u00e9a<\/a> pour obtenir une exp\u00e9rience d&rsquo;assistance en maitrise d\u2019ouvrage. En 2016, il d\u00e9cide de cr\u00e9er sa propre entreprise pour proposer des solutions RH et SIRH aux entreprises. Durant ces douze ann\u00e9es, Emmanuel a travaill\u00e9 sur plusieurs grands projets RH et SIRH chez des clients prestigieux comme GEODIS, TNT, Le ch\u00e2teau de Versailles, RATP, \u00a0Cr\u00e9dit Agricole, SNCF ou encore Pierre Fabre.<\/p>\n<\/div>\n<\/div>\t\t\t\t\t<script type=\"text\/javascript\">\n\t\t\t\t\t\tvar map_fusion_map_69f2b03373c65;\n\t\t\t\t\t\tvar markers = [];\n\t\t\t\t\t\tvar counter = 0;\n\t\t\t\t\t\t\t\t\t\t\t\t\t\t\t\t\t\t\t\tvar fusionMapNonce = 'df2a303e0c';\n\t\t\t\t\t\t\t\t\t\t\t\tfunction fusion_run_map_fusion_map_69f2b03373c65() {\n\t\t\t\t\t\t\tjQuery('#fusion_map_69f2b03373c65').fusion_maps({\n\t\t\t\t\t\t\t\taddresses: [{\"address\":\"191 All\\u00e9e Marien Pr\\u00e9 69480 ANSE\",\"infobox_content\":\"191 All\\u00e9e Marien Pr\\u00e9 69480 ANSE\",\"coordinates\":false,\"cache\":true,\"latitude\":\"45.9438793\",\"longitude\":\"4.713074699999993\"}],\n\t\t\t\t\t\t\t\tanimations: false,\n\t\t\t\t\t\t\t\tinfobox_background_color: '',\n\t\t\t\t\t\t\t\tinfobox_styling: 'default',\n\t\t\t\t\t\t\t\tinfobox_text_color: '',\n\t\t\t\t\t\t\t\tmap_style: 'default',\n\t\t\t\t\t\t\t\tmap_type: 'roadmap',\n\t\t\t\t\t\t\t\tmarker_icon: '',\n\t\t\t\t\t\t\t\toverlay_color: '',\n\t\t\t\t\t\t\t\toverlay_color_hsl: {\"hue\":0,\"sat\":0,\"lum\":100},\n\t\t\t\t\t\t\t\tpan_control: true,\n\t\t\t\t\t\t\t\tshow_address: true,\n\t\t\t\t\t\t\t\tscale_control: true,\n\t\t\t\t\t\t\t\tscrollwheel: true,\n\t\t\t\t\t\t\t\tzoom: 14,\n\t\t\t\t\t\t\t\tzoom_control: true,\n\t\t\t\t\t\t\t});\n\t\t\t\t\t\t}\n\n\t\t\t\t\t\tgoogle.maps.event.addDomListener(window, 'load', fusion_run_map_fusion_map_69f2b03373c65);\n\t\t\t\t\t<\/script>\n\t\t\t\t\t<div class=\"shortcode-map fusion-google-map fusion-maps-js-type\" id=\"fusion_map_69f2b03373c65\" style=\"height:300px;width:100%;\"><\/div><div class=\"fusion-clearfix\"><\/div><\/div><\/div><\/div><\/div><div class=\"fusion-fullwidth fullwidth-box fusion-builder-row-2 nonhundred-percent-fullwidth non-hundred-percent-height-scrolling\" style=\"background-color: rgba(255,255,255,0);background-position: center center;background-repeat: no-repeat;padding-top:0px;padding-right:0px;padding-bottom:0px;padding-left:0px;margin-bottom: 0px;margin-top: 0px;border-width: 0px 0px 0px 0px;border-color:#eae9e9;border-style:solid;\" ><div class=\"fusion-builder-row fusion-row\"><div class=\"fusion-layout-column fusion_builder_column fusion-builder-column-1 fusion_builder_column_1_1 1_1 fusion-one-full fusion-column-first fusion-column-last\" style=\"margin-top:0px;margin-bottom:0px;\"><div class=\"fusion-column-wrapper fusion-flex-column-wrapper-legacy\" style=\"background-position:left top;background-repeat:no-repeat;-webkit-background-size:cover;-moz-background-size:cover;-o-background-size:cover;background-size:cover;padding: 0px 0px 0px 0px;\"><div class=\"fusion-text fusion-text-2\"><\/div><div class=\"fusion-clearfix\"><\/div><\/div><\/div><\/div><\/div><\/p>\n","protected":false},"excerpt":{"rendered":"","protected":false},"author":1,"featured_media":0,"parent":0,"menu_order":0,"comment_status":"closed","ping_status":"closed","template":"","meta":{"_uf_show_specific_survey":0,"_uf_disable_surveys":false,"jetpack_post_was_ever_published":false,"footnotes":""},"class_list":["post-19","page","type-page","status-publish","hentry"],"jetpack_sharing_enabled":true,"jetpack_shortlink":"https:\/\/wp.me\/P9vk3y-j","jetpack_likes_enabled":true,"jetpack-related-posts":[],"_links":{"self":[{"href":"https:\/\/bssolutionexpertise.com\/index.php\/wp-json\/wp\/v2\/pages\/19","targetHints":{"allow":["GET"]}}],"collection":[{"href":"https:\/\/bssolutionexpertise.com\/index.php\/wp-json\/wp\/v2\/pages"}],"about":[{"href":"https:\/\/bssolutionexpertise.com\/index.php\/wp-json\/wp\/v2\/types\/page"}],"author":[{"embeddable":true,"href":"https:\/\/bssolutionexpertise.com\/index.php\/wp-json\/wp\/v2\/users\/1"}],"replies":[{"embeddable":true,"href":"https:\/\/bssolutionexpertise.com\/index.php\/wp-json\/wp\/v2\/comments?post=19"}],"version-history":[{"count":5,"href":"https:\/\/bssolutionexpertise.com\/index.php\/wp-json\/wp\/v2\/pages\/19\/revisions"}],"predecessor-version":[{"id":3865,"href":"https:\/\/bssolutionexpertise.com\/index.php\/wp-json\/wp\/v2\/pages\/19\/revisions\/3865"}],"wp:attachment":[{"href":"https:\/\/bssolutionexpertise.com\/index.php\/wp-json\/wp\/v2\/media?parent=19"}],"curies":[{"name":"wp","href":"https:\/\/api.w.org\/{rel}","templated":true}]}}