{"id":54,"date":"2017-11-11T22:47:51","date_gmt":"2017-11-11T21:47:51","guid":{"rendered":"http:\/\/localhost\/wordpress\/?page_id=54"},"modified":"2018-10-07T16:39:06","modified_gmt":"2018-10-07T14:39:06","slug":"dsn-xls","status":"publish","type":"page","link":"https:\/\/bssolutionexpertise.com\/index.php\/solutions\/dsn-xls\/","title":{"rendered":"DSN XLS"},"content":{"rendered":"<div class=\"fusion-fullwidth fullwidth-box fusion-builder-row-1 nonhundred-percent-fullwidth non-hundred-percent-height-scrolling\" style=\"background-color: rgba(255,255,255,0);background-position: center center;background-repeat: no-repeat;padding-top:0px;padding-right:0px;padding-bottom:0px;padding-left:0px;margin-bottom: 0px;margin-top: 0px;border-width: 0px 0px 0px 0px;border-color:#eae9e9;border-style:solid;\" ><div class=\"fusion-builder-row fusion-row\"><div class=\"fusion-layout-column fusion_builder_column fusion-builder-column-0 fusion_builder_column_1_1 1_1 fusion-one-full fusion-column-first fusion-column-last\" style=\"margin-top:0px;margin-bottom:0px;\"><div class=\"fusion-column-wrapper fusion-flex-column-wrapper-legacy\" style=\"background-position:left top;background-repeat:no-repeat;-webkit-background-size:cover;-moz-background-size:cover;-o-background-size:cover;background-size:cover;padding: 0px 0px 0px 0px;\"><div class=\"fusion-text fusion-text-1\"><h1>DSN XLS<\/h1>\n<p><b>Convertissez <\/b>et<b> v\u00e9rifiez <\/b>vos<b> fichiers DSN au format Excel,<\/b> gr\u00e2ce au<b> convertisseur DSN XLS<\/b>.<\/p>\n<h2>Convertissez tous vos fichiers DSN en XLS<\/h2>\n<p>L&rsquo;application permet de convertir simplement vos fichiers DSN vers les formats CSV ou Excel. Il suffit de s\u00e9lectionner le fichier source puis de <b>cliquer sur \u00ab Convertir \u00bb<\/b>.<\/p>\n<p>Vous pouvez \u00e9galement limiter la conversion \u00e0 une structure DSN de votre choix ou s\u00e9lectionner les colonnes que l&rsquo;on souhaite obtenir en CSV ou Excel. Ces options permettent de r\u00e9aliser des rapports automatiques \u00e0 partir des fichiers DSN. Vous pouvez ainsi charger en base de donn\u00e9es les r\u00e9sultats de la DSN en CSV, pour les exploiter \u00e0 votre convenance (Analyse, V\u00e9rification, Consolidation, Graphique \u2026).<\/p>\n<h2>V\u00e9rifier le contenu des fichiers avant transmission<\/h2>\n<p>Il existe toujours un risque lorsque l&rsquo;on contr\u00f4le des donn\u00e9es sur un logiciel. En effet les donn\u00e9es peuvent \u00eatre alt\u00e9r\u00e9es lors de la g\u00e9n\u00e9ration du fichier. De plus, il peut rester des erreurs que le logiciel de contr\u00f4le ne remontera pas : montant r\u00e9parti de mani\u00e8re incorrecte sur les p\u00e9riodes, donn\u00e9es en doublon \u2026 Cette application utilise le fichier qui sera transmis \u00e0 net-entreprise, le contr\u00f4le est donc beaucoup plus fiable car le fichier final ne sera pas touch\u00e9. Apr\u00e8s conversion, l\u2019analyse et le contr\u00f4le des montants par p\u00e9riode est facilit\u00e9 par le format Excel. La conversion du fichier permet d\u00e9sormais de r\u00e9aliser des cumuls, ou autres calculs, selon vos besoins.<\/p>\n<\/div><div class=\"fusion-aligncenter\"><style type=\"text\/css\">.fusion-button.button-1 {border-radius:2px;}<\/style><a class=\"fusion-button button-flat fusion-button-default-size button-default button-1 fusion-button-default-span fusion-button-default-type\" target=\"_self\" href=\"https:\/\/bssolutionexpertise.com\/index.php\/produit\/dsn-xls\/\"><span class=\"fusion-button-text\">T\u00e9l\u00e9charger<\/span><\/a><\/div><div class=\"fusion-text fusion-text-2\"><h2>D\u00e9monstration du logiciel DSN XLS<\/h2>\n<div class=\"video-shortcode\"><iframe width=\"1100\" height=\"619\" src=\"https:\/\/www.youtube.com\/embed\/QwjXroXydOE?feature=oembed\" frameborder=\"0\" gesture=\"media\" allowfullscreen><\/iframe><\/div>\n<\/div><div class=\"fusion-clearfix\"><\/div><\/div><\/div><\/div><\/div>\n","protected":false},"excerpt":{"rendered":"","protected":false},"author":1,"featured_media":236,"parent":48,"menu_order":0,"comment_status":"closed","ping_status":"closed","template":"","meta":{"_uf_show_specific_survey":0,"_uf_disable_surveys":false,"jetpack_post_was_ever_published":false,"footnotes":""},"class_list":["post-54","page","type-page","status-publish","has-post-thumbnail","hentry"],"jetpack_sharing_enabled":true,"jetpack_shortlink":"https:\/\/wp.me\/P9vk3y-S","jetpack_likes_enabled":true,"jetpack-related-posts":[],"_links":{"self":[{"href":"https:\/\/bssolutionexpertise.com\/index.php\/wp-json\/wp\/v2\/pages\/54","targetHints":{"allow":["GET"]}}],"collection":[{"href":"https:\/\/bssolutionexpertise.com\/index.php\/wp-json\/wp\/v2\/pages"}],"about":[{"href":"https:\/\/bssolutionexpertise.com\/index.php\/wp-json\/wp\/v2\/types\/page"}],"author":[{"embeddable":true,"href":"https:\/\/bssolutionexpertise.com\/index.php\/wp-json\/wp\/v2\/users\/1"}],"replies":[{"embeddable":true,"href":"https:\/\/bssolutionexpertise.com\/index.php\/wp-json\/wp\/v2\/comments?post=54"}],"version-history":[{"count":4,"href":"https:\/\/bssolutionexpertise.com\/index.php\/wp-json\/wp\/v2\/pages\/54\/revisions"}],"predecessor-version":[{"id":416,"href":"https:\/\/bssolutionexpertise.com\/index.php\/wp-json\/wp\/v2\/pages\/54\/revisions\/416"}],"up":[{"embeddable":true,"href":"https:\/\/bssolutionexpertise.com\/index.php\/wp-json\/wp\/v2\/pages\/48"}],"wp:featuredmedia":[{"embeddable":true,"href":"https:\/\/bssolutionexpertise.com\/index.php\/wp-json\/wp\/v2\/media\/236"}],"wp:attachment":[{"href":"https:\/\/bssolutionexpertise.com\/index.php\/wp-json\/wp\/v2\/media?parent=54"}],"curies":[{"name":"wp","href":"https:\/\/api.w.org\/{rel}","templated":true}]}}