{"id":55,"date":"2017-11-11T22:47:51","date_gmt":"2017-11-11T21:47:51","guid":{"rendered":"http:\/\/localhost\/wordpress\/?page_id=55"},"modified":"2018-10-07T16:38:39","modified_gmt":"2018-10-07T14:38:39","slug":"n4ds-csv","status":"publish","type":"page","link":"https:\/\/bssolutionexpertise.com\/index.php\/solutions\/n4ds-csv\/","title":{"rendered":"N4DS CSV"},"content":{"rendered":"<div class=\"fusion-fullwidth fullwidth-box fusion-builder-row-1 nonhundred-percent-fullwidth non-hundred-percent-height-scrolling\" style=\"background-color: rgba(255,255,255,0);background-position: center center;background-repeat: no-repeat;padding-top:0px;padding-right:0px;padding-bottom:0px;padding-left:0px;margin-bottom: 0px;margin-top: 0px;border-width: 0px 0px 0px 0px;border-color:#eae9e9;border-style:solid;\" ><div class=\"fusion-builder-row fusion-row\"><div class=\"fusion-layout-column fusion_builder_column fusion-builder-column-0 fusion_builder_column_1_1 1_1 fusion-one-full fusion-column-first fusion-column-last\" style=\"margin-top:0px;margin-bottom:0px;\"><div class=\"fusion-column-wrapper fusion-flex-column-wrapper-legacy\" style=\"background-position:left top;background-repeat:no-repeat;-webkit-background-size:cover;-moz-background-size:cover;-o-background-size:cover;background-size:cover;padding: 0px 0px 0px 0px;\"><div class=\"fusion-text fusion-text-1\"><p><strong>C<\/strong><b>onvertissez et v\u00e9rifiez vos fichiers N4DS au format Excel<\/b> d\u00e8s maintenant, la nouvelle norme N4DS V01X12 est disponible, n&rsquo;attendez plus !<\/p>\n<h1>Convertissez vos fichiers N4DS en CSV<\/h1>\n<p>L&rsquo;application permet de convertir simplement et rapidement vos fichiers N4DS vers les formats CSV ou Excel. Il suffit de s\u00e9lectionner le fichier source puis de <b>cliquer sur \u00ab Convertir \u00bb<\/b>.<\/p>\n<p>Vous pouvez \u00e9galement limiter la conversion \u00e0 une structure N4DS de votre choix ou s\u00e9lectionner les colonnes que l&rsquo;on souhaite obtenir en CSV ou Excel. Ces options permettent de r\u00e9aliser des rapports automatiques \u00e0 partir des fichiers N4DS. Vous pouvez ainsi charger en base de donn\u00e9es les r\u00e9sultats de la N4DS en CSV, pour les exploiter \u00e0 votre convenance (Analyse, V\u00e9rification, Consolidation, Graphique \u2026).<\/p>\n<h1>V\u00e9rifier le contenu des fichiers avant transmission<\/h1>\n<p>Il existe toujours un risque lorsque l&rsquo;on contr\u00f4le des donn\u00e9es sur un logiciel. En effet les donn\u00e9es peuvent \u00eatre alt\u00e9r\u00e9es lors de la g\u00e9n\u00e9ration du fichier. De plus, il peut rester des erreurs que le logiciel de contr\u00f4le ne remontera pas : montant r\u00e9parti de mani\u00e8re incorrecte sur les p\u00e9riodes, donn\u00e9es en doublon \u2026 Cette application utilise le fichier qui sera transmis \u00e0 net-entreprise, le contr\u00f4le est donc beaucoup plus fiable car le fichier final ne sera pas touch\u00e9. Apr\u00e8s conversion, l\u2019analyse et le contr\u00f4le des montants par p\u00e9riode est facilit\u00e9 par le format Excel. La conversion du fichier permet d\u00e9sormais de r\u00e9aliser des cumuls, ou autres calculs, selon vos besoins.<\/p>\n<h1>Retrouvez \u00e9galement notre outil pour les pr\u00e9c\u00e9dentes normes AED<\/h1>\n<p>Cet outil de conversion est disponible depuis 2007 et \u00e9volue au fil des normes N4DS et des ann\u00e9es. Vous y trouverez donc \u00e9galement les pr\u00e9c\u00e9dentes versions correspondantes aux autres normes N4DS afin de convertir vos fichiers AED.<\/p>\n<p>Vous \u00eates \u00e0 pr\u00e9sent bien outill\u00e9 pour la derni\u00e8re norme N4DS avant le passage \u00e0 la DSN. Bon courage et convertissez bien !<\/p>\n<\/div><div class=\"fusion-aligncenter\"><style type=\"text\/css\">.fusion-button.button-1 {border-radius:2px;}<\/style><a class=\"fusion-button button-flat fusion-button-default-size button-default button-1 fusion-button-default-span fusion-button-default-type\" target=\"_self\" href=\"https:\/\/bssolutionexpertise.com\/index.php\/produit\/n4ds-xls-licence-annuelle\/\"><span class=\"fusion-button-text\">T\u00e9l\u00e9charger<\/span><\/a><\/div><div class=\"fusion-text fusion-text-2\"><p>Vous souhaitez des informations compl\u00e9mentaires, contactez nous via le formulaire suivant :<\/p>\n\n<div class=\"wpcf7 no-js\" id=\"wpcf7-f85-o1\" lang=\"fr-FR\" dir=\"ltr\" data-wpcf7-id=\"85\">\n<div class=\"screen-reader-response\"><p role=\"status\" aria-live=\"polite\" aria-atomic=\"true\"><\/p> <ul><\/ul><\/div>\n<form action=\"\/index.php\/wp-json\/wp\/v2\/pages\/55#wpcf7-f85-o1\" method=\"post\" class=\"wpcf7-form init\" aria-label=\"Formulaire de contact\" novalidate=\"novalidate\" data-status=\"init\">\n<div style=\"display: none;\">\n<input type=\"hidden\" name=\"_wpcf7\" value=\"85\" \/>\n<input type=\"hidden\" name=\"_wpcf7_version\" value=\"6.0.4\" \/>\n<input type=\"hidden\" name=\"_wpcf7_locale\" value=\"fr_FR\" \/>\n<input type=\"hidden\" name=\"_wpcf7_unit_tag\" value=\"wpcf7-f85-o1\" \/>\n<input type=\"hidden\" name=\"_wpcf7_container_post\" value=\"0\" \/>\n<input type=\"hidden\" name=\"_wpcf7_posted_data_hash\" value=\"\" \/>\n<input type=\"hidden\" name=\"_wpcf7_recaptcha_response\" value=\"\" \/>\n<\/div>\n<p><label> Votre nom (obligatoire)<br \/>\n<span class=\"wpcf7-form-control-wrap\" data-name=\"your-name\"><input size=\"40\" maxlength=\"400\" class=\"wpcf7-form-control wpcf7-text wpcf7-validates-as-required\" aria-required=\"true\" aria-invalid=\"false\" value=\"\" type=\"text\" name=\"your-name\" \/><\/span> <\/label>\n<\/p>\n<p><label> Votre e-mail (obligatoire)<br \/>\n<span class=\"wpcf7-form-control-wrap\" data-name=\"your-email\"><input size=\"40\" maxlength=\"400\" class=\"wpcf7-form-control wpcf7-email wpcf7-validates-as-required wpcf7-text wpcf7-validates-as-email\" aria-required=\"true\" aria-invalid=\"false\" value=\"\" type=\"email\" name=\"your-email\" \/><\/span> <\/label>\n<\/p>\n<p><label> Votre t\u00e9l\u00e9phone<br \/>\n<span class=\"wpcf7-form-control-wrap\" data-name=\"your-tel\"><input size=\"40\" maxlength=\"400\" class=\"wpcf7-form-control wpcf7-tel wpcf7-text wpcf7-validates-as-tel\" aria-invalid=\"false\" value=\"\" type=\"tel\" name=\"your-tel\" \/><\/span> <\/label>\n<\/p>\n<p><label> Sujet<br \/>\n<span class=\"wpcf7-form-control-wrap\" data-name=\"your-subject\"><input size=\"40\" maxlength=\"400\" class=\"wpcf7-form-control wpcf7-text\" aria-invalid=\"false\" value=\"\" type=\"text\" name=\"your-subject\" \/><\/span> <\/label>\n<\/p>\n<p><label> Votre message<br \/>\n<span class=\"wpcf7-form-control-wrap\" data-name=\"your-message\"><textarea cols=\"40\" rows=\"10\" maxlength=\"2000\" class=\"wpcf7-form-control wpcf7-textarea\" aria-invalid=\"false\" name=\"your-message\"><\/textarea><\/span> <\/label>\n<\/p>\n<p><input class=\"wpcf7-form-control wpcf7-submit has-spinner\" type=\"submit\" value=\"Envoyer\" \/>\n<\/p><p style=\"display: none !important;\" class=\"akismet-fields-container\" data-prefix=\"_wpcf7_ak_\"><label>&#916;<textarea name=\"_wpcf7_ak_hp_textarea\" cols=\"45\" rows=\"8\" maxlength=\"100\"><\/textarea><\/label><input type=\"hidden\" id=\"ak_js_1\" name=\"_wpcf7_ak_js\" value=\"188\"\/><script>document.getElementById( \"ak_js_1\" ).setAttribute( \"value\", ( new Date() ).getTime() );<\/script><\/p><div class=\"fusion-alert alert custom alert-custom fusion-alert-center wpcf7-response-output fusion-alert-capitalize alert-dismissable\" style=\"border-width:1px;\"><button type=\"button\" class=\"close toggle-alert\" data-dismiss=\"alert\" aria-label=\"Close\">&times;<\/button><div class=\"fusion-alert-content-wrapper\"><span class=\"fusion-alert-content\"><\/span><\/div><\/div>\n<\/form>\n<\/div>\n\n<\/div><div class=\"fusion-clearfix\"><\/div><\/div><\/div><\/div><\/div>\n","protected":false},"excerpt":{"rendered":"","protected":false},"author":1,"featured_media":242,"parent":48,"menu_order":0,"comment_status":"closed","ping_status":"closed","template":"","meta":{"_uf_show_specific_survey":0,"_uf_disable_surveys":false,"jetpack_post_was_ever_published":false,"footnotes":""},"class_list":["post-55","page","type-page","status-publish","has-post-thumbnail","hentry"],"jetpack_sharing_enabled":true,"jetpack_shortlink":"https:\/\/wp.me\/P9vk3y-T","jetpack_likes_enabled":true,"jetpack-related-posts":[],"_links":{"self":[{"href":"https:\/\/bssolutionexpertise.com\/index.php\/wp-json\/wp\/v2\/pages\/55","targetHints":{"allow":["GET"]}}],"collection":[{"href":"https:\/\/bssolutionexpertise.com\/index.php\/wp-json\/wp\/v2\/pages"}],"about":[{"href":"https:\/\/bssolutionexpertise.com\/index.php\/wp-json\/wp\/v2\/types\/page"}],"author":[{"embeddable":true,"href":"https:\/\/bssolutionexpertise.com\/index.php\/wp-json\/wp\/v2\/users\/1"}],"replies":[{"embeddable":true,"href":"https:\/\/bssolutionexpertise.com\/index.php\/wp-json\/wp\/v2\/comments?post=55"}],"version-history":[{"count":2,"href":"https:\/\/bssolutionexpertise.com\/index.php\/wp-json\/wp\/v2\/pages\/55\/revisions"}],"predecessor-version":[{"id":414,"href":"https:\/\/bssolutionexpertise.com\/index.php\/wp-json\/wp\/v2\/pages\/55\/revisions\/414"}],"up":[{"embeddable":true,"href":"https:\/\/bssolutionexpertise.com\/index.php\/wp-json\/wp\/v2\/pages\/48"}],"wp:featuredmedia":[{"embeddable":true,"href":"https:\/\/bssolutionexpertise.com\/index.php\/wp-json\/wp\/v2\/media\/242"}],"wp:attachment":[{"href":"https:\/\/bssolutionexpertise.com\/index.php\/wp-json\/wp\/v2\/media?parent=55"}],"curies":[{"name":"wp","href":"https:\/\/api.w.org\/{rel}","templated":true}]}}