{"id":554,"date":"2018-10-07T11:49:10","date_gmt":"2018-10-07T09:49:10","guid":{"rendered":"https:\/\/bssolutionexpertise.com\/?page_id=554"},"modified":"2020-01-06T18:46:25","modified_gmt":"2020-01-06T17:46:25","slug":"analyse-audience-et-performance","status":"publish","type":"page","link":"https:\/\/bssolutionexpertise.com\/index.php\/solutions\/assistant-hra\/fonctionnalites\/analyse-audience-et-performance\/","title":{"rendered":"Analyse d&rsquo;audience et de performance en temps r\u00e9el"},"content":{"rendered":"<p><div class=\"fusion-fullwidth fullwidth-box fusion-builder-row-1 nonhundred-percent-fullwidth non-hundred-percent-height-scrolling\" style=\"background-color: rgba(255,255,255,0);background-position: center center;background-repeat: no-repeat;padding-top:0px;padding-right:0px;padding-bottom:0px;padding-left:0px;margin-bottom: 0px;margin-top: 0px;border-width: 0px 0px 0px 0px;border-color:#eae9e9;border-style:solid;\" ><div class=\"fusion-builder-row fusion-row\"><div class=\"fusion-layout-column fusion_builder_column fusion-builder-column-0 fusion_builder_column_2_3 2_3 fusion-two-third fusion-column-first\" style=\"width:66.666666666667%;width:calc(66.666666666667% - ( ( 4% ) * 0.66666666666667 ) );margin-right: 4%;margin-top:0px;margin-bottom:20px;\"><div class=\"fusion-column-wrapper fusion-flex-column-wrapper-legacy\" style=\"background-position:left top;background-repeat:no-repeat;-webkit-background-size:cover;-moz-background-size:cover;-o-background-size:cover;background-size:cover;padding: 0px 0px 0px 0px;\"><div class=\"fusion-image-carousel fusion-image-carousel-auto lightbox-enabled\"><div class=\"fusion-carousel\" data-autoplay=\"yes\" data-columns=\"1\" data-itemmargin=\"0\" data-itemwidth=\"180\" data-touchscroll=\"yes\" data-imagesize=\"auto\"><div class=\"fusion-carousel-positioner\"><ul class=\"fusion-carousel-holder\"><li class=\"fusion-carousel-item\"><div class=\"fusion-carousel-item-wrapper\"><div class=\"fusion-image-wrapper hover-type-none\"><img decoding=\"async\" width=\"448\" height=\"338\" src=\"https:\/\/i0.wp.com\/bssolutionexpertise.com\/wp-content\/uploads\/2018\/10\/AssistHRa_Audiance_001.png?fit=448%2C338&amp;ssl=1\" class=\"attachment-full size-full\" alt=\"\" srcset=\"https:\/\/i0.wp.com\/bssolutionexpertise.com\/wp-content\/uploads\/2018\/10\/AssistHRa_Audiance_001.png?resize=200%2C151&amp;ssl=1 200w, https:\/\/i0.wp.com\/bssolutionexpertise.com\/wp-content\/uploads\/2018\/10\/AssistHRa_Audiance_001.png?resize=300%2C226&amp;ssl=1 300w, https:\/\/i0.wp.com\/bssolutionexpertise.com\/wp-content\/uploads\/2018\/10\/AssistHRa_Audiance_001.png?resize=400%2C302&amp;ssl=1 400w, https:\/\/i0.wp.com\/bssolutionexpertise.com\/wp-content\/uploads\/2018\/10\/AssistHRa_Audiance_001.png?fit=448%2C338&amp;ssl=1 448w\" sizes=\"(max-width: 448px) 100vw, 448px\" data-attachment-id=\"594\" data-permalink=\"https:\/\/bssolutionexpertise.com\/index.php\/solutions\/assistant-hra\/fonctionnalites\/analyse-audience-et-performance\/assisthra_audiance_001\/\" data-orig-file=\"https:\/\/i0.wp.com\/bssolutionexpertise.com\/wp-content\/uploads\/2018\/10\/AssistHRa_Audiance_001.png?fit=448%2C338&amp;ssl=1\" data-orig-size=\"448,338\" data-comments-opened=\"1\" data-image-meta=\"{&quot;aperture&quot;:&quot;0&quot;,&quot;credit&quot;:&quot;&quot;,&quot;camera&quot;:&quot;&quot;,&quot;caption&quot;:&quot;&quot;,&quot;created_timestamp&quot;:&quot;0&quot;,&quot;copyright&quot;:&quot;&quot;,&quot;focal_length&quot;:&quot;0&quot;,&quot;iso&quot;:&quot;0&quot;,&quot;shutter_speed&quot;:&quot;0&quot;,&quot;title&quot;:&quot;&quot;,&quot;orientation&quot;:&quot;0&quot;}\" data-image-title=\"AssistHRa_Audiance_001\" data-image-description=\"\" data-image-caption=\"\" data-medium-file=\"https:\/\/i0.wp.com\/bssolutionexpertise.com\/wp-content\/uploads\/2018\/10\/AssistHRa_Audiance_001.png?fit=300%2C226&amp;ssl=1\" data-large-file=\"https:\/\/i0.wp.com\/bssolutionexpertise.com\/wp-content\/uploads\/2018\/10\/AssistHRa_Audiance_001.png?fit=448%2C338&amp;ssl=1\" \/><\/div><\/div><\/li><li class=\"fusion-carousel-item\"><div class=\"fusion-carousel-item-wrapper\"><div class=\"fusion-image-wrapper hover-type-none\"><img decoding=\"async\" width=\"450\" height=\"338\" src=\"https:\/\/i0.wp.com\/bssolutionexpertise.com\/wp-content\/uploads\/2018\/10\/AssistHRa_Audiance_002.png?fit=450%2C338&amp;ssl=1\" class=\"attachment-full size-full\" alt=\"\" srcset=\"https:\/\/i0.wp.com\/bssolutionexpertise.com\/wp-content\/uploads\/2018\/10\/AssistHRa_Audiance_002.png?resize=200%2C150&amp;ssl=1 200w, https:\/\/i0.wp.com\/bssolutionexpertise.com\/wp-content\/uploads\/2018\/10\/AssistHRa_Audiance_002.png?resize=300%2C225&amp;ssl=1 300w, https:\/\/i0.wp.com\/bssolutionexpertise.com\/wp-content\/uploads\/2018\/10\/AssistHRa_Audiance_002.png?resize=400%2C300&amp;ssl=1 400w, https:\/\/i0.wp.com\/bssolutionexpertise.com\/wp-content\/uploads\/2018\/10\/AssistHRa_Audiance_002.png?fit=450%2C338&amp;ssl=1 450w\" sizes=\"(max-width: 450px) 100vw, 450px\" data-attachment-id=\"595\" data-permalink=\"https:\/\/bssolutionexpertise.com\/index.php\/solutions\/assistant-hra\/fonctionnalites\/analyse-audience-et-performance\/assisthra_audiance_002\/\" data-orig-file=\"https:\/\/i0.wp.com\/bssolutionexpertise.com\/wp-content\/uploads\/2018\/10\/AssistHRa_Audiance_002.png?fit=450%2C338&amp;ssl=1\" data-orig-size=\"450,338\" data-comments-opened=\"1\" data-image-meta=\"{&quot;aperture&quot;:&quot;0&quot;,&quot;credit&quot;:&quot;&quot;,&quot;camera&quot;:&quot;&quot;,&quot;caption&quot;:&quot;&quot;,&quot;created_timestamp&quot;:&quot;0&quot;,&quot;copyright&quot;:&quot;&quot;,&quot;focal_length&quot;:&quot;0&quot;,&quot;iso&quot;:&quot;0&quot;,&quot;shutter_speed&quot;:&quot;0&quot;,&quot;title&quot;:&quot;&quot;,&quot;orientation&quot;:&quot;0&quot;}\" data-image-title=\"AssistHRa_Audiance_002\" data-image-description=\"\" data-image-caption=\"\" data-medium-file=\"https:\/\/i0.wp.com\/bssolutionexpertise.com\/wp-content\/uploads\/2018\/10\/AssistHRa_Audiance_002.png?fit=300%2C225&amp;ssl=1\" data-large-file=\"https:\/\/i0.wp.com\/bssolutionexpertise.com\/wp-content\/uploads\/2018\/10\/AssistHRa_Audiance_002.png?fit=450%2C338&amp;ssl=1\" \/><\/div><\/div><\/li><li class=\"fusion-carousel-item\"><div class=\"fusion-carousel-item-wrapper\"><div class=\"fusion-image-wrapper hover-type-none\"><img decoding=\"async\" width=\"804\" height=\"338\" src=\"https:\/\/i0.wp.com\/bssolutionexpertise.com\/wp-content\/uploads\/2018\/10\/AssistHRa_Audiance_003.png?fit=804%2C338&amp;ssl=1\" class=\"attachment-full size-full\" alt=\"\" srcset=\"https:\/\/i0.wp.com\/bssolutionexpertise.com\/wp-content\/uploads\/2018\/10\/AssistHRa_Audiance_003.png?resize=200%2C84&amp;ssl=1 200w, https:\/\/i0.wp.com\/bssolutionexpertise.com\/wp-content\/uploads\/2018\/10\/AssistHRa_Audiance_003.png?resize=300%2C126&amp;ssl=1 300w, https:\/\/i0.wp.com\/bssolutionexpertise.com\/wp-content\/uploads\/2018\/10\/AssistHRa_Audiance_003.png?resize=400%2C168&amp;ssl=1 400w, https:\/\/i0.wp.com\/bssolutionexpertise.com\/wp-content\/uploads\/2018\/10\/AssistHRa_Audiance_003.png?resize=500%2C210&amp;ssl=1 500w, https:\/\/i0.wp.com\/bssolutionexpertise.com\/wp-content\/uploads\/2018\/10\/AssistHRa_Audiance_003.png?resize=600%2C252&amp;ssl=1 600w, https:\/\/i0.wp.com\/bssolutionexpertise.com\/wp-content\/uploads\/2018\/10\/AssistHRa_Audiance_003.png?resize=700%2C294&amp;ssl=1 700w, https:\/\/i0.wp.com\/bssolutionexpertise.com\/wp-content\/uploads\/2018\/10\/AssistHRa_Audiance_003.png?resize=768%2C323&amp;ssl=1 768w, https:\/\/i0.wp.com\/bssolutionexpertise.com\/wp-content\/uploads\/2018\/10\/AssistHRa_Audiance_003.png?resize=800%2C336&amp;ssl=1 800w, https:\/\/i0.wp.com\/bssolutionexpertise.com\/wp-content\/uploads\/2018\/10\/AssistHRa_Audiance_003.png?fit=804%2C338&amp;ssl=1 804w\" sizes=\"(max-width: 804px) 100vw, 804px\" data-attachment-id=\"596\" data-permalink=\"https:\/\/bssolutionexpertise.com\/index.php\/solutions\/assistant-hra\/fonctionnalites\/analyse-audience-et-performance\/assisthra_audiance_003\/\" data-orig-file=\"https:\/\/i0.wp.com\/bssolutionexpertise.com\/wp-content\/uploads\/2018\/10\/AssistHRa_Audiance_003.png?fit=804%2C338&amp;ssl=1\" data-orig-size=\"804,338\" data-comments-opened=\"1\" data-image-meta=\"{&quot;aperture&quot;:&quot;0&quot;,&quot;credit&quot;:&quot;&quot;,&quot;camera&quot;:&quot;&quot;,&quot;caption&quot;:&quot;&quot;,&quot;created_timestamp&quot;:&quot;0&quot;,&quot;copyright&quot;:&quot;&quot;,&quot;focal_length&quot;:&quot;0&quot;,&quot;iso&quot;:&quot;0&quot;,&quot;shutter_speed&quot;:&quot;0&quot;,&quot;title&quot;:&quot;&quot;,&quot;orientation&quot;:&quot;0&quot;}\" data-image-title=\"AssistHRa_Audiance_003\" data-image-description=\"\" data-image-caption=\"\" data-medium-file=\"https:\/\/i0.wp.com\/bssolutionexpertise.com\/wp-content\/uploads\/2018\/10\/AssistHRa_Audiance_003.png?fit=300%2C126&amp;ssl=1\" data-large-file=\"https:\/\/i0.wp.com\/bssolutionexpertise.com\/wp-content\/uploads\/2018\/10\/AssistHRa_Audiance_003.png?fit=804%2C338&amp;ssl=1\" \/><\/div><\/div><\/li><\/ul><div class=\"fusion-carousel-nav\"><span class=\"fusion-nav-prev\"><\/span><span class=\"fusion-nav-next\"><\/span><\/div><\/div><\/div><\/div><div class=\"fusion-clearfix\"><\/div><\/div><\/div><div class=\"fusion-layout-column fusion_builder_column fusion-builder-column-1 fusion_builder_column_1_3 1_3 fusion-one-third fusion-column-last\" style=\"width:33.333333333333%;width:calc(33.333333333333% - ( ( 4% ) * 0.33333333333333 ) );margin-top:0px;margin-bottom:20px;\"><div class=\"fusion-column-wrapper fusion-flex-column-wrapper-legacy\" style=\"background-position:left top;background-repeat:no-repeat;-webkit-background-size:cover;-moz-background-size:cover;-o-background-size:cover;background-size:cover;padding: 0px 0px 0px 0px;\"><div class=\"fusion-column-content-centered\"><div class=\"fusion-column-content\"><style type=\"text\/css\"><\/style><div class=\"fusion-title title fusion-title-1 fusion-title-text fusion-title-size-one\" style=\"margin-top:0px;margin-right:0px;margin-bottom:31px;margin-left:0px;\"><h1 class=\"title-heading-left\" style=\"margin:0;\"><h1><\/h1>\n<h1 style=\"text-align: center;\">Audience<\/h1><\/h1><span class=\"awb-title-spacer\"><\/span><div class=\"title-sep-container\"><div class=\"title-sep sep-double sep-solid\" style=\"border-color:#e0dede;\"><\/div><\/div><\/div><div class=\"fusion-text fusion-text-1\"><p style=\"text-align: center;\">On se demande souvent si il est possible d&rsquo;arr\u00eater l&rsquo;application pour livrer une fonctionnalit\u00e9 ou corriger un bug. Mais on ne sait jamais quel est le meilleur moment ou si l&rsquo;on va g\u00eaner beaucoup d&rsquo;utilisateurs.<\/p>\n<p style=\"text-align: center;\">Gr\u00e2ce \u00e0 l&rsquo;assistant HRa, il est possible de suivre en temps r\u00e9el le nombre de connexion, ainsi que le nombre d&rsquo;utilisateur connect\u00e9 au syst\u00e8me.<\/p>\n<p style=\"text-align: center;\">Vous pouvez ainsi planifier sereinement vos interventions sans perturber vos utilisateurs.<\/p>\n<\/div><\/div><\/div><div class=\"fusion-clearfix\"><\/div><\/div><\/div><\/div><\/div><div class=\"fusion-fullwidth fullwidth-box fusion-builder-row-2 nonhundred-percent-fullwidth non-hundred-percent-height-scrolling\" style=\"background-color: rgba(255,255,255,0);background-position: center center;background-repeat: no-repeat;padding-top:0px;padding-right:0px;padding-bottom:0px;padding-left:0px;margin-bottom: 0px;margin-top: 0px;border-width: 0px 0px 0px 0px;border-color:#eae9e9;border-style:solid;\" ><div class=\"fusion-builder-row fusion-row\"><div class=\"fusion-layout-column fusion_builder_column fusion-builder-column-2 fusion_builder_column_1_3 1_3 fusion-one-third fusion-column-first\" style=\"width:33.333333333333%;width:calc(33.333333333333% - ( ( 4% ) * 0.33333333333333 ) );margin-right: 4%;margin-top:0px;margin-bottom:20px;\"><div class=\"fusion-column-wrapper fusion-flex-column-wrapper-legacy\" style=\"background-position:left top;background-repeat:no-repeat;-webkit-background-size:cover;-moz-background-size:cover;-o-background-size:cover;background-size:cover;padding: 0px 0px 0px 0px;\"><style type=\"text\/css\"><\/style><div class=\"fusion-title title fusion-title-2 fusion-title-text fusion-title-size-one\" style=\"margin-top:0px;margin-right:0px;margin-bottom:31px;margin-left:0px;\"><h1 class=\"title-heading-left\" style=\"margin:0;\"><h1><\/h1>\n<h1 style=\"text-align: center;\">Performance TP<\/h1><\/h1><span class=\"awb-title-spacer\"><\/span><div class=\"title-sep-container\"><div class=\"title-sep sep-double sep-solid\" style=\"border-color:#e0dede;\"><\/div><\/div><\/div><div class=\"fusion-text fusion-text-2\"><p style=\"text-align: center;\">La plupart du temps lorsque l&rsquo;application ne r\u00e9pond plus, il faut faire appelle aux experts ou au sachant pour identifier la probable source de cette lenteur, pour obtenir au final un red\u00e9marrage complet de l&rsquo;application sans avoir identifi\u00e9 la cause de ces lenteurs.<\/p>\n<p style=\"text-align: center;\">L&rsquo;assistant HRa permet de suivre l\u2019activit\u00e9 et les performances de l&rsquo;application suivant plusieurs axes et ainsi d&rsquo;identifier les programmes ou actions gourmandes en ressources.<\/p>\n<\/div><div class=\"fusion-clearfix\"><\/div><\/div><\/div><div class=\"fusion-layout-column fusion_builder_column fusion-builder-column-3 fusion_builder_column_2_3 2_3 fusion-two-third fusion-column-last\" style=\"width:66.666666666667%;width:calc(66.666666666667% - ( ( 4% ) * 0.66666666666667 ) );margin-top:0px;margin-bottom:20px;\"><div class=\"fusion-column-wrapper fusion-flex-column-wrapper-legacy\" style=\"background-position:left top;background-repeat:no-repeat;-webkit-background-size:cover;-moz-background-size:cover;-o-background-size:cover;background-size:cover;padding: 0px 0px 0px 0px;\"><div class=\"fusion-image-carousel fusion-image-carousel-auto lightbox-enabled\"><div class=\"fusion-carousel\" data-autoplay=\"yes\" data-columns=\"1\" data-itemmargin=\"0\" data-itemwidth=\"180\" data-touchscroll=\"yes\" data-imagesize=\"auto\"><div class=\"fusion-carousel-positioner\"><ul class=\"fusion-carousel-holder\"><li class=\"fusion-carousel-item\"><div class=\"fusion-carousel-item-wrapper\"><div class=\"fusion-image-wrapper hover-type-none\"><img decoding=\"async\" width=\"1282\" height=\"436\" src=\"https:\/\/i0.wp.com\/bssolutionexpertise.com\/wp-content\/uploads\/2018\/10\/AssistantHRa_PerformanceTP_001.png?fit=1282%2C436&amp;ssl=1\" class=\"attachment-full size-full\" alt=\"\" srcset=\"https:\/\/i0.wp.com\/bssolutionexpertise.com\/wp-content\/uploads\/2018\/10\/AssistantHRa_PerformanceTP_001.png?resize=200%2C68&amp;ssl=1 200w, https:\/\/i0.wp.com\/bssolutionexpertise.com\/wp-content\/uploads\/2018\/10\/AssistantHRa_PerformanceTP_001.png?resize=300%2C102&amp;ssl=1 300w, https:\/\/i0.wp.com\/bssolutionexpertise.com\/wp-content\/uploads\/2018\/10\/AssistantHRa_PerformanceTP_001.png?resize=400%2C136&amp;ssl=1 400w, https:\/\/i0.wp.com\/bssolutionexpertise.com\/wp-content\/uploads\/2018\/10\/AssistantHRa_PerformanceTP_001.png?resize=500%2C170&amp;ssl=1 500w, https:\/\/i0.wp.com\/bssolutionexpertise.com\/wp-content\/uploads\/2018\/10\/AssistantHRa_PerformanceTP_001.png?resize=600%2C204&amp;ssl=1 600w, https:\/\/i0.wp.com\/bssolutionexpertise.com\/wp-content\/uploads\/2018\/10\/AssistantHRa_PerformanceTP_001.png?resize=700%2C238&amp;ssl=1 700w, https:\/\/i0.wp.com\/bssolutionexpertise.com\/wp-content\/uploads\/2018\/10\/AssistantHRa_PerformanceTP_001.png?resize=768%2C261&amp;ssl=1 768w, https:\/\/i0.wp.com\/bssolutionexpertise.com\/wp-content\/uploads\/2018\/10\/AssistantHRa_PerformanceTP_001.png?resize=800%2C272&amp;ssl=1 800w, https:\/\/i0.wp.com\/bssolutionexpertise.com\/wp-content\/uploads\/2018\/10\/AssistantHRa_PerformanceTP_001.png?resize=1024%2C348&amp;ssl=1 1024w, https:\/\/i0.wp.com\/bssolutionexpertise.com\/wp-content\/uploads\/2018\/10\/AssistantHRa_PerformanceTP_001.png?resize=1200%2C408&amp;ssl=1 1200w, https:\/\/i0.wp.com\/bssolutionexpertise.com\/wp-content\/uploads\/2018\/10\/AssistantHRa_PerformanceTP_001.png?fit=1282%2C436&amp;ssl=1 1282w\" sizes=\"(max-width: 1100px) 100vw, 1100px\" data-attachment-id=\"599\" data-permalink=\"https:\/\/bssolutionexpertise.com\/index.php\/solutions\/assistant-hra\/fonctionnalites\/analyse-audience-et-performance\/assistanthra_performancetp_001\/\" data-orig-file=\"https:\/\/i0.wp.com\/bssolutionexpertise.com\/wp-content\/uploads\/2018\/10\/AssistantHRa_PerformanceTP_001.png?fit=1282%2C436&amp;ssl=1\" data-orig-size=\"1282,436\" data-comments-opened=\"1\" data-image-meta=\"{&quot;aperture&quot;:&quot;0&quot;,&quot;credit&quot;:&quot;&quot;,&quot;camera&quot;:&quot;&quot;,&quot;caption&quot;:&quot;&quot;,&quot;created_timestamp&quot;:&quot;0&quot;,&quot;copyright&quot;:&quot;&quot;,&quot;focal_length&quot;:&quot;0&quot;,&quot;iso&quot;:&quot;0&quot;,&quot;shutter_speed&quot;:&quot;0&quot;,&quot;title&quot;:&quot;&quot;,&quot;orientation&quot;:&quot;0&quot;}\" data-image-title=\"AssistantHRa_PerformanceTP_001\" data-image-description=\"\" data-image-caption=\"\" data-medium-file=\"https:\/\/i0.wp.com\/bssolutionexpertise.com\/wp-content\/uploads\/2018\/10\/AssistantHRa_PerformanceTP_001.png?fit=300%2C102&amp;ssl=1\" data-large-file=\"https:\/\/i0.wp.com\/bssolutionexpertise.com\/wp-content\/uploads\/2018\/10\/AssistantHRa_PerformanceTP_001.png?fit=1024%2C348&amp;ssl=1\" \/><\/div><\/div><\/li><li class=\"fusion-carousel-item\"><div class=\"fusion-carousel-item-wrapper\"><div class=\"fusion-image-wrapper hover-type-none\"><img decoding=\"async\" width=\"825\" height=\"436\" src=\"https:\/\/i0.wp.com\/bssolutionexpertise.com\/wp-content\/uploads\/2018\/10\/AssistantHRa_PerformanceTP_002.png?fit=825%2C436&amp;ssl=1\" class=\"attachment-full size-full\" alt=\"\" srcset=\"https:\/\/i0.wp.com\/bssolutionexpertise.com\/wp-content\/uploads\/2018\/10\/AssistantHRa_PerformanceTP_002.png?resize=200%2C106&amp;ssl=1 200w, https:\/\/i0.wp.com\/bssolutionexpertise.com\/wp-content\/uploads\/2018\/10\/AssistantHRa_PerformanceTP_002.png?resize=300%2C159&amp;ssl=1 300w, https:\/\/i0.wp.com\/bssolutionexpertise.com\/wp-content\/uploads\/2018\/10\/AssistantHRa_PerformanceTP_002.png?resize=400%2C211&amp;ssl=1 400w, https:\/\/i0.wp.com\/bssolutionexpertise.com\/wp-content\/uploads\/2018\/10\/AssistantHRa_PerformanceTP_002.png?resize=500%2C264&amp;ssl=1 500w, https:\/\/i0.wp.com\/bssolutionexpertise.com\/wp-content\/uploads\/2018\/10\/AssistantHRa_PerformanceTP_002.png?resize=600%2C317&amp;ssl=1 600w, https:\/\/i0.wp.com\/bssolutionexpertise.com\/wp-content\/uploads\/2018\/10\/AssistantHRa_PerformanceTP_002.png?resize=700%2C370&amp;ssl=1 700w, https:\/\/i0.wp.com\/bssolutionexpertise.com\/wp-content\/uploads\/2018\/10\/AssistantHRa_PerformanceTP_002.png?resize=768%2C406&amp;ssl=1 768w, https:\/\/i0.wp.com\/bssolutionexpertise.com\/wp-content\/uploads\/2018\/10\/AssistantHRa_PerformanceTP_002.png?resize=800%2C423&amp;ssl=1 800w, https:\/\/i0.wp.com\/bssolutionexpertise.com\/wp-content\/uploads\/2018\/10\/AssistantHRa_PerformanceTP_002.png?fit=825%2C436&amp;ssl=1 825w\" sizes=\"(max-width: 825px) 100vw, 825px\" data-attachment-id=\"600\" data-permalink=\"https:\/\/bssolutionexpertise.com\/index.php\/solutions\/assistant-hra\/fonctionnalites\/analyse-audience-et-performance\/assistanthra_performancetp_002\/\" data-orig-file=\"https:\/\/i0.wp.com\/bssolutionexpertise.com\/wp-content\/uploads\/2018\/10\/AssistantHRa_PerformanceTP_002.png?fit=825%2C436&amp;ssl=1\" data-orig-size=\"825,436\" data-comments-opened=\"1\" data-image-meta=\"{&quot;aperture&quot;:&quot;0&quot;,&quot;credit&quot;:&quot;&quot;,&quot;camera&quot;:&quot;&quot;,&quot;caption&quot;:&quot;&quot;,&quot;created_timestamp&quot;:&quot;0&quot;,&quot;copyright&quot;:&quot;&quot;,&quot;focal_length&quot;:&quot;0&quot;,&quot;iso&quot;:&quot;0&quot;,&quot;shutter_speed&quot;:&quot;0&quot;,&quot;title&quot;:&quot;&quot;,&quot;orientation&quot;:&quot;0&quot;}\" data-image-title=\"AssistantHRa_PerformanceTP_002\" data-image-description=\"\" data-image-caption=\"\" data-medium-file=\"https:\/\/i0.wp.com\/bssolutionexpertise.com\/wp-content\/uploads\/2018\/10\/AssistantHRa_PerformanceTP_002.png?fit=300%2C159&amp;ssl=1\" data-large-file=\"https:\/\/i0.wp.com\/bssolutionexpertise.com\/wp-content\/uploads\/2018\/10\/AssistantHRa_PerformanceTP_002.png?fit=825%2C436&amp;ssl=1\" \/><\/div><\/div><\/li><\/ul><div class=\"fusion-carousel-nav\"><span class=\"fusion-nav-prev\"><\/span><span class=\"fusion-nav-next\"><\/span><\/div><\/div><\/div><\/div><div class=\"fusion-clearfix\"><\/div><\/div><\/div><\/div><\/div><\/p>\n","protected":false},"excerpt":{"rendered":"","protected":false},"author":1,"featured_media":0,"parent":621,"menu_order":0,"comment_status":"closed","ping_status":"closed","template":"","meta":{"_uf_show_specific_survey":0,"_uf_disable_surveys":false,"jetpack_post_was_ever_published":false,"footnotes":""},"class_list":["post-554","page","type-page","status-publish","hentry"],"jetpack_sharing_enabled":true,"jetpack_shortlink":"https:\/\/wp.me\/P9vk3y-8W","jetpack_likes_enabled":true,"jetpack-related-posts":[],"_links":{"self":[{"href":"https:\/\/bssolutionexpertise.com\/index.php\/wp-json\/wp\/v2\/pages\/554","targetHints":{"allow":["GET"]}}],"collection":[{"href":"https:\/\/bssolutionexpertise.com\/index.php\/wp-json\/wp\/v2\/pages"}],"about":[{"href":"https:\/\/bssolutionexpertise.com\/index.php\/wp-json\/wp\/v2\/types\/page"}],"author":[{"embeddable":true,"href":"https:\/\/bssolutionexpertise.com\/index.php\/wp-json\/wp\/v2\/users\/1"}],"replies":[{"embeddable":true,"href":"https:\/\/bssolutionexpertise.com\/index.php\/wp-json\/wp\/v2\/comments?post=554"}],"version-history":[{"count":16,"href":"https:\/\/bssolutionexpertise.com\/index.php\/wp-json\/wp\/v2\/pages\/554\/revisions"}],"predecessor-version":[{"id":2886,"href":"https:\/\/bssolutionexpertise.com\/index.php\/wp-json\/wp\/v2\/pages\/554\/revisions\/2886"}],"up":[{"embeddable":true,"href":"https:\/\/bssolutionexpertise.com\/index.php\/wp-json\/wp\/v2\/pages\/621"}],"wp:attachment":[{"href":"https:\/\/bssolutionexpertise.com\/index.php\/wp-json\/wp\/v2\/media?parent=554"}],"curies":[{"name":"wp","href":"https:\/\/api.w.org\/{rel}","templated":true}]}}