{"id":614,"date":"2018-10-07T17:00:14","date_gmt":"2018-10-07T15:00:14","guid":{"rendered":"https:\/\/bssolutionexpertise.com\/?page_id=614"},"modified":"2018-10-07T17:06:26","modified_gmt":"2018-10-07T15:06:26","slug":"parametrage-de-paie","status":"publish","type":"page","link":"https:\/\/bssolutionexpertise.com\/index.php\/solutions\/assistant-hra\/fonctionnalites\/parametrage-de-paie\/","title":{"rendered":"Param\u00e9trage de Paie"},"content":{"rendered":"<p><div class=\"fusion-fullwidth fullwidth-box fusion-builder-row-1 nonhundred-percent-fullwidth non-hundred-percent-height-scrolling\" style=\"background-color: rgba(255,255,255,0);background-position: center center;background-repeat: no-repeat;padding-top:0px;padding-right:0px;padding-bottom:0px;padding-left:0px;margin-bottom: 0px;margin-top: 0px;border-width: 0px 0px 0px 0px;border-color:#eae9e9;border-style:solid;\" ><div class=\"fusion-builder-row fusion-row\"><div class=\"fusion-layout-column fusion_builder_column fusion-builder-column-0 fusion_builder_column_2_3 2_3 fusion-two-third fusion-column-first\" style=\"width:66.666666666667%;width:calc(66.666666666667% - ( ( 4% ) * 0.66666666666667 ) );margin-right: 4%;margin-top:0px;margin-bottom:20px;\"><div class=\"fusion-column-wrapper fusion-flex-column-wrapper-legacy\" style=\"background-position:left top;background-repeat:no-repeat;-webkit-background-size:cover;-moz-background-size:cover;-o-background-size:cover;background-size:cover;padding: 0px 0px 0px 0px;\"><span class=\" fusion-imageframe imageframe-none imageframe-1 hover-type-none\"><img data-recalc-dims=\"1\" decoding=\"async\" width=\"715\" height=\"434\" title=\"AssistantHRa_ParametragePaie_001\" src=\"https:\/\/i0.wp.com\/bssolutionexpertise.com\/wp-content\/uploads\/2018\/10\/AssistantHRa_ParametragePaie_001.png?resize=715%2C434&#038;ssl=1\" class=\"img-responsive wp-image-616\" srcset=\"https:\/\/i0.wp.com\/bssolutionexpertise.com\/wp-content\/uploads\/2018\/10\/AssistantHRa_ParametragePaie_001.png?resize=200%2C121&amp;ssl=1 200w, https:\/\/i0.wp.com\/bssolutionexpertise.com\/wp-content\/uploads\/2018\/10\/AssistantHRa_ParametragePaie_001.png?resize=300%2C182&amp;ssl=1 300w, https:\/\/i0.wp.com\/bssolutionexpertise.com\/wp-content\/uploads\/2018\/10\/AssistantHRa_ParametragePaie_001.png?resize=400%2C243&amp;ssl=1 400w, https:\/\/i0.wp.com\/bssolutionexpertise.com\/wp-content\/uploads\/2018\/10\/AssistantHRa_ParametragePaie_001.png?resize=500%2C303&amp;ssl=1 500w, https:\/\/i0.wp.com\/bssolutionexpertise.com\/wp-content\/uploads\/2018\/10\/AssistantHRa_ParametragePaie_001.png?resize=600%2C364&amp;ssl=1 600w, https:\/\/i0.wp.com\/bssolutionexpertise.com\/wp-content\/uploads\/2018\/10\/AssistantHRa_ParametragePaie_001.png?resize=700%2C425&amp;ssl=1 700w, https:\/\/i0.wp.com\/bssolutionexpertise.com\/wp-content\/uploads\/2018\/10\/AssistantHRa_ParametragePaie_001.png?w=715&amp;ssl=1 715w\" sizes=\"(max-width: 800px) 100vw, 715px\" \/><\/span><div class=\"fusion-clearfix\"><\/div><\/div><\/div><div class=\"fusion-layout-column fusion_builder_column fusion-builder-column-1 fusion_builder_column_1_3 1_3 fusion-one-third fusion-column-last\" style=\"width:33.333333333333%;width:calc(33.333333333333% - ( ( 4% ) * 0.33333333333333 ) );margin-top:0px;margin-bottom:20px;\"><div class=\"fusion-column-wrapper fusion-flex-column-wrapper-legacy\" style=\"background-position:left top;background-repeat:no-repeat;-webkit-background-size:cover;-moz-background-size:cover;-o-background-size:cover;background-size:cover;padding: 0px 0px 0px 0px;\"><style type=\"text\/css\"><\/style><div class=\"fusion-title title fusion-title-1 fusion-title-text fusion-title-size-one\" style=\"margin-top:0px;margin-right:0px;margin-bottom:31px;margin-left:0px;\"><h1 class=\"title-heading-left\" style=\"margin:0;\"><h1 style=\"text-align: center;\">Les connexions entre les rubriques<\/h1><\/h1><span class=\"awb-title-spacer\"><\/span><div class=\"title-sep-container\"><div class=\"title-sep sep-double sep-solid\" style=\"border-color:#e0dede;\"><\/div><\/div><\/div><div class=\"fusion-text fusion-text-1\"><p>Le param\u00e9trage de paie est en soit d\u00e9j\u00e0 tr\u00e8s complexe, mais lorsqu&rsquo;il s&rsquo;agit de le faire \u00e9voluer au sein du SIRH, la complexit\u00e9 est accrue.<\/p>\n<p>L&rsquo;assistant HRa vous propose une visualisation in\u00e9dite du param\u00e9trage de paie, sous forme d&rsquo;interconnexion entre les rubriques de paie.<\/p>\n<p>Il est \u00e9galement possible de faire appara\u00eetre, le Rappel, le CSCP ou encore le libell\u00e9 des rubriques de paie s\u00e9lectionn\u00e9es.<\/p>\n<\/div><div class=\"fusion-clearfix\"><\/div><\/div><\/div><\/div><\/div><div class=\"fusion-fullwidth fullwidth-box fusion-builder-row-2 nonhundred-percent-fullwidth non-hundred-percent-height-scrolling\" style=\"background-color: rgba(255,255,255,0);background-position: center center;background-repeat: no-repeat;padding-top:0px;padding-right:0px;padding-bottom:0px;padding-left:0px;margin-bottom: 0px;margin-top: 0px;border-width: 0px 0px 0px 0px;border-color:#eae9e9;border-style:solid;\" ><div class=\"fusion-builder-row fusion-row\"><div class=\"fusion-layout-column fusion_builder_column fusion-builder-column-2 fusion_builder_column_1_3 1_3 fusion-one-third fusion-column-first\" style=\"width:33.333333333333%;width:calc(33.333333333333% - ( ( 4% ) * 0.33333333333333 ) );margin-right: 4%;margin-top:0px;margin-bottom:20px;\"><div class=\"fusion-column-wrapper fusion-flex-column-wrapper-legacy\" style=\"background-position:left top;background-repeat:no-repeat;-webkit-background-size:cover;-moz-background-size:cover;-o-background-size:cover;background-size:cover;padding: 0px 0px 0px 0px;\"><style type=\"text\/css\"><\/style><div class=\"fusion-title title fusion-title-2 fusion-title-text fusion-title-size-one\" style=\"margin-top:0px;margin-right:0px;margin-bottom:31px;margin-left:0px;\"><h1 class=\"title-heading-left\" style=\"margin:0;\"><h1 style=\"text-align: center;\">D\u00e9tail du calcul<\/h1><\/h1><span class=\"awb-title-spacer\"><\/span><div class=\"title-sep-container\"><div class=\"title-sep sep-double sep-solid\" style=\"border-color:#e0dede;\"><\/div><\/div><\/div><div class=\"fusion-text fusion-text-2\"><p>Cette fonctionnalit\u00e9 de l&rsquo;assistant HRa, vous permet d&rsquo;afficher le d\u00e9tail du calcul des rubriques de paie qui apparaissent sur le bulletin de paie.<\/p>\n<p>Plus on clique sur les rubrique et plus il est possible d&rsquo;affiner le d\u00e9tail du calcul.<\/p>\n<\/div><div class=\"fusion-clearfix\"><\/div><\/div><\/div><div class=\"fusion-layout-column fusion_builder_column fusion-builder-column-3 fusion_builder_column_2_3 2_3 fusion-two-third fusion-column-last\" style=\"width:66.666666666667%;width:calc(66.666666666667% - ( ( 4% ) * 0.66666666666667 ) );margin-top:0px;margin-bottom:20px;\"><div class=\"fusion-column-wrapper fusion-flex-column-wrapper-legacy\" style=\"background-position:left top;background-repeat:no-repeat;-webkit-background-size:cover;-moz-background-size:cover;-o-background-size:cover;background-size:cover;padding: 0px 0px 0px 0px;\"><span class=\" fusion-imageframe imageframe-none imageframe-2 hover-type-none\"><img data-recalc-dims=\"1\" decoding=\"async\" width=\"710\" height=\"531\" title=\"AssistantHRa_ParametragePaie_002\" src=\"https:\/\/i0.wp.com\/bssolutionexpertise.com\/wp-content\/uploads\/2018\/10\/AssistantHRa_ParametragePaie_002.png?resize=710%2C531&#038;ssl=1\" class=\"img-responsive wp-image-617\" srcset=\"https:\/\/i0.wp.com\/bssolutionexpertise.com\/wp-content\/uploads\/2018\/10\/AssistantHRa_ParametragePaie_002.png?resize=200%2C150&amp;ssl=1 200w, https:\/\/i0.wp.com\/bssolutionexpertise.com\/wp-content\/uploads\/2018\/10\/AssistantHRa_ParametragePaie_002.png?resize=300%2C224&amp;ssl=1 300w, https:\/\/i0.wp.com\/bssolutionexpertise.com\/wp-content\/uploads\/2018\/10\/AssistantHRa_ParametragePaie_002.png?resize=400%2C299&amp;ssl=1 400w, https:\/\/i0.wp.com\/bssolutionexpertise.com\/wp-content\/uploads\/2018\/10\/AssistantHRa_ParametragePaie_002.png?resize=500%2C374&amp;ssl=1 500w, https:\/\/i0.wp.com\/bssolutionexpertise.com\/wp-content\/uploads\/2018\/10\/AssistantHRa_ParametragePaie_002.png?resize=600%2C449&amp;ssl=1 600w, https:\/\/i0.wp.com\/bssolutionexpertise.com\/wp-content\/uploads\/2018\/10\/AssistantHRa_ParametragePaie_002.png?resize=700%2C524&amp;ssl=1 700w, https:\/\/i0.wp.com\/bssolutionexpertise.com\/wp-content\/uploads\/2018\/10\/AssistantHRa_ParametragePaie_002.png?w=710&amp;ssl=1 710w\" sizes=\"(max-width: 800px) 100vw, 710px\" \/><\/span><div class=\"fusion-clearfix\"><\/div><\/div><\/div><\/div><\/div><div class=\"fusion-fullwidth fullwidth-box fusion-builder-row-3 nonhundred-percent-fullwidth non-hundred-percent-height-scrolling\" style=\"background-color: rgba(255,255,255,0);background-position: center center;background-repeat: no-repeat;padding-top:0px;padding-right:0px;padding-bottom:0px;padding-left:0px;margin-bottom: 0px;margin-top: 0px;border-width: 0px 0px 0px 0px;border-color:#eae9e9;border-style:solid;\" ><div class=\"fusion-builder-row fusion-row\"><div class=\"fusion-layout-column fusion_builder_column fusion-builder-column-4 fusion_builder_column_2_3 2_3 fusion-two-third fusion-column-first\" style=\"width:66.666666666667%;width:calc(66.666666666667% - ( ( 4% ) * 0.66666666666667 ) );margin-right: 4%;margin-top:0px;margin-bottom:20px;\"><div class=\"fusion-column-wrapper fusion-flex-column-wrapper-legacy\" style=\"background-position:left top;background-repeat:no-repeat;-webkit-background-size:cover;-moz-background-size:cover;-o-background-size:cover;background-size:cover;padding: 0px 0px 0px 0px;\"><span class=\" fusion-imageframe imageframe-none imageframe-3 hover-type-none\"><img data-recalc-dims=\"1\" decoding=\"async\" width=\"450\" height=\"629\" title=\"AssistantHRa_ParametragePaie_003\" src=\"https:\/\/i0.wp.com\/bssolutionexpertise.com\/wp-content\/uploads\/2018\/10\/AssistantHRa_ParametragePaie_003.png?resize=450%2C629&#038;ssl=1\" class=\"img-responsive wp-image-618\"\/><\/span><div class=\"fusion-clearfix\"><\/div><\/div><\/div><div class=\"fusion-layout-column fusion_builder_column fusion-builder-column-5 fusion_builder_column_1_3 1_3 fusion-one-third fusion-column-last\" style=\"width:33.333333333333%;width:calc(33.333333333333% - ( ( 4% ) * 0.33333333333333 ) );margin-top:0px;margin-bottom:20px;\"><div class=\"fusion-column-wrapper fusion-flex-column-wrapper-legacy\" style=\"background-position:left top;background-repeat:no-repeat;-webkit-background-size:cover;-moz-background-size:cover;-o-background-size:cover;background-size:cover;padding: 0px 0px 0px 0px;\"><style type=\"text\/css\"><\/style><div class=\"fusion-title title fusion-title-3 fusion-title-text fusion-title-size-one\" style=\"margin-top:0px;margin-right:0px;margin-bottom:31px;margin-left:0px;\"><h1 class=\"title-heading-left\" style=\"margin:0;\"><h1 style=\"text-align: center;\">Anomalies de param\u00e9trage<\/h1><\/h1><span class=\"awb-title-spacer\"><\/span><div class=\"title-sep-container\"><div class=\"title-sep sep-double sep-solid\" style=\"border-color:#e0dede;\"><\/div><\/div><\/div><div class=\"fusion-text fusion-text-3\"><p>HR Access propose un tr\u00e8s grand nombre d&rsquo;options de param\u00e9trage. Cela permet d&rsquo;affiner le param\u00e9trage de paie au plus proche des besoins du client, mais cela engendre souvent des anomalies (de param\u00e9trage).<\/p>\n<p>Cette fonctionnalit\u00e9 de l&rsquo;assistant HRa permet d&rsquo;identifier les anomalies de param\u00e9trage les plus classiques, afin d&rsquo;aider l&rsquo;expert paie.<\/p>\n<\/div><div class=\"fusion-clearfix\"><\/div><\/div><\/div><\/div><\/div><div class=\"fusion-fullwidth fullwidth-box fusion-builder-row-4 nonhundred-percent-fullwidth non-hundred-percent-height-scrolling\" style=\"background-color: rgba(255,255,255,0);background-position: center center;background-repeat: no-repeat;padding-top:0px;padding-right:0px;padding-bottom:0px;padding-left:0px;margin-bottom: 0px;margin-top: 0px;border-width: 0px 0px 0px 0px;border-color:#eae9e9;border-style:solid;\" ><div class=\"fusion-builder-row fusion-row\"><div class=\"fusion-layout-column fusion_builder_column fusion-builder-column-6 fusion_builder_column_1_3 1_3 fusion-one-third fusion-column-first\" style=\"width:33.333333333333%;width:calc(33.333333333333% - ( ( 4% ) * 0.33333333333333 ) );margin-right: 4%;margin-top:0px;margin-bottom:20px;\"><div class=\"fusion-column-wrapper fusion-flex-column-wrapper-legacy\" style=\"background-position:left top;background-repeat:no-repeat;-webkit-background-size:cover;-moz-background-size:cover;-o-background-size:cover;background-size:cover;padding: 0px 0px 0px 0px;\"><style type=\"text\/css\"><\/style><div class=\"fusion-title title fusion-title-4 fusion-title-text fusion-title-size-one\" style=\"margin-top:0px;margin-right:0px;margin-bottom:31px;margin-left:0px;\"><h1 class=\"title-heading-left\" style=\"margin:0;\"><h1 style=\"text-align: center;\">Comparer l&rsquo;alimentation des \u00e9l\u00e9ments de paie<\/h1><\/h1><span class=\"awb-title-spacer\"><\/span><div class=\"title-sep-container\"><div class=\"title-sep sep-double sep-solid\" style=\"border-color:#e0dede;\"><\/div><\/div><\/div><div class=\"fusion-text fusion-text-4\"><p>HR Access permet le param\u00e9trage de diff\u00e9rents \u00e9l\u00e9ments de paie :<\/p>\n<ul>\n<li>Assiette<\/li>\n<li>Cumul de paie<\/li>\n<li>Compteurs<\/li>\n<li>&#8230;<\/li>\n<\/ul>\n<p>Mais il n&rsquo;est pas possible de comparer l&rsquo;alimentation de ces \u00e9l\u00e9ments. Ainsi l&rsquo;assistant HRa vous permet de comparer l&rsquo;alimentation de ces \u00e9l\u00e9ments de paie au sein d&rsquo;un m\u00eame environnement, mais \u00e9galement entre des environnements diff\u00e9rents.<\/p>\n<\/div><div class=\"fusion-clearfix\"><\/div><\/div><\/div><div class=\"fusion-layout-column fusion_builder_column fusion-builder-column-7 fusion_builder_column_2_3 2_3 fusion-two-third fusion-column-last\" style=\"width:66.666666666667%;width:calc(66.666666666667% - ( ( 4% ) * 0.66666666666667 ) );margin-top:0px;margin-bottom:20px;\"><div class=\"fusion-column-wrapper fusion-flex-column-wrapper-legacy\" style=\"background-position:left top;background-repeat:no-repeat;-webkit-background-size:cover;-moz-background-size:cover;-o-background-size:cover;background-size:cover;padding: 0px 0px 0px 0px;\"><span class=\" fusion-imageframe imageframe-none imageframe-4 hover-type-none\"><img data-recalc-dims=\"1\" decoding=\"async\" width=\"759\" height=\"434\" title=\"AssistantHRa_ParametragePaie_004\" src=\"https:\/\/i0.wp.com\/bssolutionexpertise.com\/wp-content\/uploads\/2018\/10\/AssistantHRa_ParametragePaie_004.png?resize=759%2C434&#038;ssl=1\" class=\"img-responsive wp-image-615\" srcset=\"https:\/\/i0.wp.com\/bssolutionexpertise.com\/wp-content\/uploads\/2018\/10\/AssistantHRa_ParametragePaie_004.png?resize=200%2C114&amp;ssl=1 200w, https:\/\/i0.wp.com\/bssolutionexpertise.com\/wp-content\/uploads\/2018\/10\/AssistantHRa_ParametragePaie_004.png?resize=300%2C172&amp;ssl=1 300w, https:\/\/i0.wp.com\/bssolutionexpertise.com\/wp-content\/uploads\/2018\/10\/AssistantHRa_ParametragePaie_004.png?resize=400%2C229&amp;ssl=1 400w, https:\/\/i0.wp.com\/bssolutionexpertise.com\/wp-content\/uploads\/2018\/10\/AssistantHRa_ParametragePaie_004.png?resize=500%2C286&amp;ssl=1 500w, https:\/\/i0.wp.com\/bssolutionexpertise.com\/wp-content\/uploads\/2018\/10\/AssistantHRa_ParametragePaie_004.png?resize=600%2C343&amp;ssl=1 600w, https:\/\/i0.wp.com\/bssolutionexpertise.com\/wp-content\/uploads\/2018\/10\/AssistantHRa_ParametragePaie_004.png?resize=700%2C400&amp;ssl=1 700w, https:\/\/i0.wp.com\/bssolutionexpertise.com\/wp-content\/uploads\/2018\/10\/AssistantHRa_ParametragePaie_004.png?w=759&amp;ssl=1 759w\" sizes=\"(max-width: 800px) 100vw, 759px\" \/><\/span><div class=\"fusion-clearfix\"><\/div><\/div><\/div><\/div><\/div><\/p>\n","protected":false},"excerpt":{"rendered":"","protected":false},"author":1,"featured_media":0,"parent":621,"menu_order":0,"comment_status":"closed","ping_status":"closed","template":"","meta":{"_uf_show_specific_survey":0,"_uf_disable_surveys":false,"jetpack_post_was_ever_published":false,"footnotes":""},"class_list":["post-614","page","type-page","status-publish","hentry"],"jetpack_sharing_enabled":true,"jetpack_shortlink":"https:\/\/wp.me\/P9vk3y-9U","jetpack_likes_enabled":true,"jetpack-related-posts":[],"_links":{"self":[{"href":"https:\/\/bssolutionexpertise.com\/index.php\/wp-json\/wp\/v2\/pages\/614","targetHints":{"allow":["GET"]}}],"collection":[{"href":"https:\/\/bssolutionexpertise.com\/index.php\/wp-json\/wp\/v2\/pages"}],"about":[{"href":"https:\/\/bssolutionexpertise.com\/index.php\/wp-json\/wp\/v2\/types\/page"}],"author":[{"embeddable":true,"href":"https:\/\/bssolutionexpertise.com\/index.php\/wp-json\/wp\/v2\/users\/1"}],"replies":[{"embeddable":true,"href":"https:\/\/bssolutionexpertise.com\/index.php\/wp-json\/wp\/v2\/comments?post=614"}],"version-history":[{"count":2,"href":"https:\/\/bssolutionexpertise.com\/index.php\/wp-json\/wp\/v2\/pages\/614\/revisions"}],"predecessor-version":[{"id":620,"href":"https:\/\/bssolutionexpertise.com\/index.php\/wp-json\/wp\/v2\/pages\/614\/revisions\/620"}],"up":[{"embeddable":true,"href":"https:\/\/bssolutionexpertise.com\/index.php\/wp-json\/wp\/v2\/pages\/621"}],"wp:attachment":[{"href":"https:\/\/bssolutionexpertise.com\/index.php\/wp-json\/wp\/v2\/media?parent=614"}],"curies":[{"name":"wp","href":"https:\/\/api.w.org\/{rel}","templated":true}]}}