{"id":621,"date":"2018-10-07T17:04:22","date_gmt":"2018-10-07T15:04:22","guid":{"rendered":"https:\/\/bssolutionexpertise.com\/?page_id=621"},"modified":"2018-10-30T15:44:56","modified_gmt":"2018-10-30T14:44:56","slug":"fonctionnalites","status":"publish","type":"page","link":"https:\/\/bssolutionexpertise.com\/index.php\/solutions\/assistant-hra\/fonctionnalites\/","title":{"rendered":"Fonctionnalit\u00e9s"},"content":{"rendered":"<div class=\"fusion-fullwidth fullwidth-box fusion-builder-row-1 nonhundred-percent-fullwidth non-hundred-percent-height-scrolling\" style=\"background-color: rgba(255,255,255,0);background-position: center center;background-repeat: no-repeat;padding-top:0px;padding-right:0px;padding-bottom:0px;padding-left:0px;margin-bottom: 0px;margin-top: 0px;border-width: 0px 0px 0px 0px;border-color:#eae9e9;border-style:solid;\" ><div class=\"fusion-builder-row fusion-row\"><div class=\"fusion-layout-column fusion_builder_column fusion-builder-column-0 fusion_builder_column_1_1 1_1 fusion-one-full fusion-column-first fusion-column-last\" style=\"margin-top:0px;margin-bottom:20px;\"><div class=\"fusion-column-wrapper fusion-flex-column-wrapper-legacy\" style=\"background-position:left top;background-repeat:no-repeat;-webkit-background-size:cover;-moz-background-size:cover;-o-background-size:cover;background-size:cover;padding: 0px 0px 0px 0px;\"><style type=\"text\/css\"><\/style><div class=\"fusion-title title fusion-title-1 fusion-title-text fusion-title-size-one\" style=\"margin-top:0px;margin-right:0px;margin-bottom:31px;margin-left:0px;\"><h1 class=\"title-heading-left\" style=\"margin:0;\"><h1 style=\"text-align: center;\">Les fonctionnalit\u00e9s de l&rsquo;assistant HRa<\/h1><\/h1><span class=\"awb-title-spacer\"><\/span><div class=\"title-sep-container\"><div class=\"title-sep sep-double sep-solid\" style=\"border-color:#e0dede;\"><\/div><\/div><\/div><div class=\"fusion-text fusion-text-1\"><p>L&rsquo;assistant HRa est compos\u00e9 de plus de 80 fonctionnalit\u00e9s. L&rsquo;objectif de cette page n&rsquo;est pas de les lister, mais de pr\u00e9senter les principales :<\/p>\n<ul>\n<li><a href=\"https:\/\/bssolutionexpertise.com\/index.php\/solutions\/assistant-hra\/parametrage-de-paie\/\">Param\u00e9trage de paie<\/a><\/li>\n<li><a href=\"https:\/\/bssolutionexpertise.com\/index.php\/solutions\/assistant-hra\/analyse-audience-et-performance\/\">Analyse d&rsquo;audience et de Performance TP<\/a><\/li>\n<li><a href=\" https:\/\/bssolutionexpertise.com\/index.php\/solutions\/assistant-hra\/fonctionnalites\/gestion-des-donnees\/\">Gestion des donn\u00e9es<\/a><\/li>\n<li><a href=\"https:\/\/bssolutionexpertise.com\/index.php\/solutions\/assistant-hra\/fonctionnalites\/gestion-des-objets\/\">Gestion des objets<\/a><\/li>\n<li>G\u00e9n\u00e9ration simplifi\u00e9 des Bordereaux HRa<\/li>\n<li>Analyse des \u00ab\u00a0log\u00a0\u00bb et \u00ab\u00a0Compte rendu\u00a0\u00bb<\/li>\n<li>Revue de code simplifi\u00e9e et automatis\u00e9e<\/li>\n<li>Suivi du SIRH<\/li>\n<\/ul>\n<\/div><div class=\"fusion-clearfix\"><\/div><\/div><\/div><\/div><\/div>\n","protected":false},"excerpt":{"rendered":"","protected":false},"author":1,"featured_media":0,"parent":53,"menu_order":0,"comment_status":"closed","ping_status":"closed","template":"","meta":{"_uf_show_specific_survey":0,"_uf_disable_surveys":false,"jetpack_post_was_ever_published":false,"footnotes":""},"class_list":["post-621","page","type-page","status-publish","hentry"],"jetpack_sharing_enabled":true,"jetpack_shortlink":"https:\/\/wp.me\/P9vk3y-a1","jetpack_likes_enabled":true,"jetpack-related-posts":[],"_links":{"self":[{"href":"https:\/\/bssolutionexpertise.com\/index.php\/wp-json\/wp\/v2\/pages\/621","targetHints":{"allow":["GET"]}}],"collection":[{"href":"https:\/\/bssolutionexpertise.com\/index.php\/wp-json\/wp\/v2\/pages"}],"about":[{"href":"https:\/\/bssolutionexpertise.com\/index.php\/wp-json\/wp\/v2\/types\/page"}],"author":[{"embeddable":true,"href":"https:\/\/bssolutionexpertise.com\/index.php\/wp-json\/wp\/v2\/users\/1"}],"replies":[{"embeddable":true,"href":"https:\/\/bssolutionexpertise.com\/index.php\/wp-json\/wp\/v2\/comments?post=621"}],"version-history":[{"count":3,"href":"https:\/\/bssolutionexpertise.com\/index.php\/wp-json\/wp\/v2\/pages\/621\/revisions"}],"predecessor-version":[{"id":693,"href":"https:\/\/bssolutionexpertise.com\/index.php\/wp-json\/wp\/v2\/pages\/621\/revisions\/693"}],"up":[{"embeddable":true,"href":"https:\/\/bssolutionexpertise.com\/index.php\/wp-json\/wp\/v2\/pages\/53"}],"wp:attachment":[{"href":"https:\/\/bssolutionexpertise.com\/index.php\/wp-json\/wp\/v2\/media?parent=621"}],"curies":[{"name":"wp","href":"https:\/\/api.w.org\/{rel}","templated":true}]}}