{"id":664,"date":"2018-10-07T23:30:48","date_gmt":"2018-10-07T21:30:48","guid":{"rendered":"https:\/\/bssolutionexpertise.com\/?page_id=664"},"modified":"2018-10-07T23:30:48","modified_gmt":"2018-10-07T21:30:48","slug":"generateur-de-bordereaux","status":"publish","type":"page","link":"https:\/\/bssolutionexpertise.com\/index.php\/solutions\/assistant-hra\/fonctionnalites\/generateur-de-bordereaux\/","title":{"rendered":"G\u00e9n\u00e9rateur de bordereaux"},"content":{"rendered":"<div class=\"fusion-fullwidth fullwidth-box fusion-builder-row-1 nonhundred-percent-fullwidth non-hundred-percent-height-scrolling\" style=\"background-color: rgba(255,255,255,0);background-position: center center;background-repeat: no-repeat;padding-top:0px;padding-right:0px;padding-bottom:0px;padding-left:0px;margin-bottom: 0px;margin-top: 0px;border-width: 0px 0px 0px 0px;border-color:#eae9e9;border-style:solid;\" ><div class=\"fusion-builder-row fusion-row\"><div class=\"fusion-layout-column fusion_builder_column fusion-builder-column-0 fusion_builder_column_2_3 2_3 fusion-two-third fusion-column-first\" style=\"width:66.666666666667%;width:calc(66.666666666667% - ( ( 4% ) * 0.66666666666667 ) );margin-right: 4%;margin-top:0px;margin-bottom:20px;\"><div class=\"fusion-column-wrapper fusion-flex-column-wrapper-legacy\" style=\"background-position:left top;background-repeat:no-repeat;-webkit-background-size:cover;-moz-background-size:cover;-o-background-size:cover;background-size:cover;padding: 0px 0px 0px 0px;\"><div class=\"fusion-clearfix\"><\/div><\/div><\/div><div class=\"fusion-layout-column fusion_builder_column fusion-builder-column-1 fusion_builder_column_1_3 1_3 fusion-one-third fusion-column-last\" style=\"width:33.333333333333%;width:calc(33.333333333333% - ( ( 4% ) * 0.33333333333333 ) );margin-top:0px;margin-bottom:20px;\"><div class=\"fusion-column-wrapper fusion-flex-column-wrapper-legacy\" style=\"background-position:left top;background-repeat:no-repeat;-webkit-background-size:cover;-moz-background-size:cover;-o-background-size:cover;background-size:cover;padding: 0px 0px 0px 0px;\"><style type=\"text\/css\"><\/style><div class=\"fusion-title title fusion-title-1 fusion-title-text fusion-title-size-one\" style=\"margin-top:0px;margin-right:0px;margin-bottom:31px;margin-left:0px;\"><h1 class=\"title-heading-left\" style=\"margin:0;\"><h1>G\u00e9n\u00e9rateur de bordereau simplifi\u00e9<\/h1><\/h1><span class=\"awb-title-spacer\"><\/span><div class=\"title-sep-container\"><div class=\"title-sep sep-double sep-solid\" style=\"border-color:#e0dede;\"><\/div><\/div><\/div><div class=\"fusion-text fusion-text-1\"><p>L&rsquo;assistant HRa permet de g\u00e9n\u00e9rer des bordereaux d&rsquo;annulation ou de modification en quelques secondes.<\/p>\n<p>Il vous suffit d&rsquo;indiquer l&rsquo;information souhait\u00e9e, le type de bordereau et la requ\u00eate de s\u00e9lection de population.<\/p>\n<p>Il n&rsquo;y a plus qu&rsquo;\u00e0 cliquer pour g\u00e9n\u00e9rer un bordereau conforme aux sp\u00e9cifications du progiciel.<\/p>\n<p>Remarque : la fonctionnalit\u00e9 s&rsquo;adapte \u00e0 chaque environnement, m\u00eame en cas d&rsquo;\u00e9volution du mod\u00e8le de donn\u00e9e.<\/p>\n<\/div><div class=\"fusion-clearfix\"><\/div><\/div><\/div><\/div><\/div>\n","protected":false},"excerpt":{"rendered":"","protected":false},"author":1,"featured_media":0,"parent":621,"menu_order":0,"comment_status":"closed","ping_status":"closed","template":"","meta":{"_uf_show_specific_survey":0,"_uf_disable_surveys":false,"jetpack_post_was_ever_published":false,"footnotes":""},"class_list":["post-664","page","type-page","status-publish","hentry"],"jetpack_sharing_enabled":true,"jetpack_shortlink":"https:\/\/wp.me\/P9vk3y-aI","jetpack_likes_enabled":true,"jetpack-related-posts":[],"_links":{"self":[{"href":"https:\/\/bssolutionexpertise.com\/index.php\/wp-json\/wp\/v2\/pages\/664","targetHints":{"allow":["GET"]}}],"collection":[{"href":"https:\/\/bssolutionexpertise.com\/index.php\/wp-json\/wp\/v2\/pages"}],"about":[{"href":"https:\/\/bssolutionexpertise.com\/index.php\/wp-json\/wp\/v2\/types\/page"}],"author":[{"embeddable":true,"href":"https:\/\/bssolutionexpertise.com\/index.php\/wp-json\/wp\/v2\/users\/1"}],"replies":[{"embeddable":true,"href":"https:\/\/bssolutionexpertise.com\/index.php\/wp-json\/wp\/v2\/comments?post=664"}],"version-history":[{"count":1,"href":"https:\/\/bssolutionexpertise.com\/index.php\/wp-json\/wp\/v2\/pages\/664\/revisions"}],"predecessor-version":[{"id":665,"href":"https:\/\/bssolutionexpertise.com\/index.php\/wp-json\/wp\/v2\/pages\/664\/revisions\/665"}],"up":[{"embeddable":true,"href":"https:\/\/bssolutionexpertise.com\/index.php\/wp-json\/wp\/v2\/pages\/621"}],"wp:attachment":[{"href":"https:\/\/bssolutionexpertise.com\/index.php\/wp-json\/wp\/v2\/media?parent=664"}],"curies":[{"name":"wp","href":"https:\/\/api.w.org\/{rel}","templated":true}]}}