{"id":9305,"date":"2024-01-17T12:53:42","date_gmt":"2024-01-17T11:53:42","guid":{"rendered":"https:\/\/bssolutionexpertise.com\/?page_id=9305"},"modified":"2024-01-17T12:53:42","modified_gmt":"2024-01-17T11:53:42","slug":"politique-de-confidentialite-des-applications-mobile","status":"publish","type":"page","link":"https:\/\/bssolutionexpertise.com\/index.php\/politique-de-confidentialite-des-applications-mobile\/","title":{"rendered":"Politique de confidentialit\u00e9 des applications Mobile"},"content":{"rendered":"<div class=\"fusion-fullwidth fullwidth-box fusion-builder-row-1 fusion-flex-container nonhundred-percent-fullwidth non-hundred-percent-height-scrolling\" style=\"background-color: rgba(255,255,255,0);background-position: center center;background-repeat: no-repeat;border-width: 0px 0px 0px 0px;border-color:#eae9e9;border-style:solid;\" ><div class=\"fusion-builder-row fusion-row fusion-flex-align-items-flex-start\" style=\"max-width:1144px;margin-left: calc(-4% \/ 2 );margin-right: calc(-4% \/ 2 );\"><div class=\"fusion-layout-column fusion_builder_column fusion-builder-column-0 fusion_builder_column_1_1 1_1 fusion-flex-column\"><div class=\"fusion-column-wrapper fusion-flex-justify-content-flex-start fusion-content-layout-column\" style=\"background-position:left top;background-repeat:no-repeat;-webkit-background-size:cover;-moz-background-size:cover;-o-background-size:cover;background-size:cover;padding: 0px 0px 0px 0px;\"><div class=\"fusion-text fusion-text-1\"><h2>R\u00e8gles de confidentialit\u00e9<\/h2>\n<p>Le terme <strong>Application\u00a0<\/strong>s\u2019applique \u00e0 l\u2019application pour mobile ou tablette Android et IOS nomm\u00e9e \u00ab BS Solutions et Expertises \u00bb.<br \/>\nLe terme\u00a0<strong>Serveur BSSE <\/strong>s\u2019applique au composant logiciel de la Suite BS Solutions et Expertises avec lequel communique l\u2019Application. Nos r\u00e8gles de confidentialit\u00e9 expliquent quelles donn\u00e9es nous collectons depuis l\u2019Application et les raisons de cette collecte, comment nous utilisons \/ traitons ces informations et \u00e0 quels tiers nous pourrions \u00e9ventuellement les divulguer.<\/p>\n<h2>Donn\u00e9es personnelles<\/h2>\n<p>Depuis notre Application, nous ne collectons aucune donn\u00e9e personnelle (par exemple: les noms, les adresses, les num\u00e9ros de t\u00e9l\u00e9phone, les adresses de courrier \u00e9lectronique ou les adresses IP compl\u00e8tes).<\/p>\n<h2>Donn\u00e9es relatives \u00e0 la communication<\/h2>\n<p>Lorsque vous utilisez notre Application via les services de t\u00e9l\u00e9communications pour communiquer avec un Serveur BSSE, des donn\u00e9es relatives \u00e0 la communication (par exemple, l\u2019adresse IP) sont automatiquement g\u00e9n\u00e9r\u00e9es. Le Serveur BSSE ne conserve pas ces donn\u00e9es, elles sont utilis\u00e9es uniquement pour l\u2019\u00e9tablissement d\u2019une communication entre l\u2019Application et un Serveur BSSE .<\/p>\n<h2>Permissions demand\u00e9es par l\u2019Application<\/h2>\n<p>Aucune.<\/p>\n<h2>Donn\u00e9es personnelles non collect\u00e9es automatiquement<\/h2>\n<p>Nous collectons uniquement des informations en cas de panne de votre mobile lors de l\u2019utilisation de l\u2019Application. Ces informations sur le crash, qui sont n\u00e9cessaires au d\u00e9bogage de l\u2019Application, sont envoy\u00e9es au site tiers Google.Les informations suivantes sont collect\u00e9es :<\/p>\n<ul>\n<li>Le type d\u2019appareil utilis\u00e9,<\/li>\n<li>Quelle version d\u2019Android ou IOS est utilis\u00e9e sur l\u2019appareil,<\/li>\n<li>L\u2019op\u00e9rateur mobile,<\/li>\n<li>Quelle connexion \u00e9tait active (WiFi ou r\u00e9seau mobile),<\/li>\n<li>Le crash-log d\u00e9crivant dans quelle section du code le crash s\u2019est produit.<\/li>\n<\/ul>\n<p>Nous ne collectons\u00a0<strong>aucune information personnelle identifiable\u00a0<\/strong>. Nous ne vendons pas, n\u2019\u00e9changeons ni transf\u00e9rons ces informations \u00e0 des tiers.<\/p>\n<\/div><\/div><style type=\"text\/css\">.fusion-body .fusion-builder-column-0{width:100% !important;margin-top : 0px;margin-bottom : 20px;}.fusion-builder-column-0 > .fusion-column-wrapper {padding-top : 0px !important;padding-right : 0px !important;margin-right : 1.92%;padding-bottom : 0px !important;padding-left : 0px !important;margin-left : 1.92%;}@media only screen and (max-width:1024px) {.fusion-body .fusion-builder-column-0{width:100% !important;order : 0;}.fusion-builder-column-0 > .fusion-column-wrapper {margin-right : 1.92%;margin-left : 1.92%;}}@media only screen and (max-width:640px) {.fusion-body .fusion-builder-column-0{width:100% !important;order : 0;}.fusion-builder-column-0 > .fusion-column-wrapper {margin-right : 1.92%;margin-left : 1.92%;}}<\/style><\/div><\/div><style type=\"text\/css\">.fusion-body .fusion-flex-container.fusion-builder-row-1{ padding-top : 0px;margin-top : 0px;padding-right : 0px;padding-bottom : 0px;margin-bottom : 0px;padding-left : 0px;}<\/style><\/div>\n","protected":false},"excerpt":{"rendered":"","protected":false},"author":1,"featured_media":0,"parent":0,"menu_order":0,"comment_status":"closed","ping_status":"closed","template":"","meta":{"_uf_show_specific_survey":0,"_uf_disable_surveys":false,"jetpack_post_was_ever_published":false,"footnotes":""},"class_list":["post-9305","page","type-page","status-publish","hentry"],"jetpack_sharing_enabled":true,"jetpack_shortlink":"https:\/\/wp.me\/P9vk3y-2q5","jetpack_likes_enabled":true,"jetpack-related-posts":[],"_links":{"self":[{"href":"https:\/\/bssolutionexpertise.com\/index.php\/wp-json\/wp\/v2\/pages\/9305","targetHints":{"allow":["GET"]}}],"collection":[{"href":"https:\/\/bssolutionexpertise.com\/index.php\/wp-json\/wp\/v2\/pages"}],"about":[{"href":"https:\/\/bssolutionexpertise.com\/index.php\/wp-json\/wp\/v2\/types\/page"}],"author":[{"embeddable":true,"href":"https:\/\/bssolutionexpertise.com\/index.php\/wp-json\/wp\/v2\/users\/1"}],"replies":[{"embeddable":true,"href":"https:\/\/bssolutionexpertise.com\/index.php\/wp-json\/wp\/v2\/comments?post=9305"}],"version-history":[{"count":1,"href":"https:\/\/bssolutionexpertise.com\/index.php\/wp-json\/wp\/v2\/pages\/9305\/revisions"}],"predecessor-version":[{"id":9306,"href":"https:\/\/bssolutionexpertise.com\/index.php\/wp-json\/wp\/v2\/pages\/9305\/revisions\/9306"}],"wp:attachment":[{"href":"https:\/\/bssolutionexpertise.com\/index.php\/wp-json\/wp\/v2\/media?parent=9305"}],"curies":[{"name":"wp","href":"https:\/\/api.w.org\/{rel}","templated":true}]}}