{"id":3312,"date":"2020-06-30T14:55:49","date_gmt":"2020-06-30T12:55:49","guid":{"rendered":"https:\/\/bssolutionexpertise.com\/?post_type=product&#038;p=3312"},"modified":"2020-06-30T15:01:45","modified_gmt":"2020-06-30T13:01:45","slug":"dsn-xls-licence-annuelle-2020-demo-64bit","status":"publish","type":"product","link":"https:\/\/bssolutionexpertise.com\/index.php\/produit\/dsn-xls-licence-annuelle-2020-demo-64bit\/","title":{"rendered":"DSN XLS &#8211; Licence Annuelle 2020 DEMO (64Bit)"},"content":{"rendered":"<div class=\"container-fluid\">\n<div class=\"row\">\n<div class=\"col-md-10 col-md-offset-1 col-sm-12 col-xs-12\">\n<div id=\"wrapper\">\n<div class=\"fusion-row\">\n<section id=\"content\">\n<div id=\"post-54\" class=\"post-54 page type-page status-publish has-post-thumbnail hentry\">\n<div class=\"post-content\">\n<h2 data-lineheight=\"27\" data-fontsize=\"18\">Convertissez tous vos fichiers DSN en XLS<\/h2>\n<p>L\u2019application permet de convertir simplement vos fichiers DSN vers les formats CSV ou Excel. Il suffit de s\u00e9lectionner le fichier source puis de <b>cliquer sur \u00ab Convertir \u00bb<\/b>.<\/p>\n<p>Vous pouvez \u00e9galement limiter la conversion \u00e0 une structure DSN de votre choix ou s\u00e9lectionner les colonnes que l\u2019on souhaite obtenir en CSV ou Excel. Ces options permettent de r\u00e9aliser des rapports automatiques \u00e0 partir des fichiers DSN. Vous pouvez ainsi charger en base de donn\u00e9es les r\u00e9sultats de la DSN en CSV, pour les exploiter \u00e0 votre convenance (Analyse, V\u00e9rification, Consolidation, Graphique \u2026).<\/p>\n<h2 data-lineheight=\"27\" data-fontsize=\"18\">V\u00e9rifier le contenu des fichiers avant transmission<\/h2>\n<p>Il existe toujours un risque lorsque l\u2019on contr\u00f4le des donn\u00e9es sur un logiciel. En effet les donn\u00e9es peuvent \u00eatre alt\u00e9r\u00e9es lors de la g\u00e9n\u00e9ration du fichier. De plus, il peut rester des erreurs que le logiciel de contr\u00f4le ne remontera pas : montant r\u00e9parti de mani\u00e8re incorrecte sur les p\u00e9riodes, donn\u00e9es en doublon \u2026 Cette application utilise le fichier qui sera transmis \u00e0 net-entreprise, le contr\u00f4le est donc beaucoup plus fiable car le fichier final ne sera pas touch\u00e9. Apr\u00e8s conversion, l\u2019analyse et le contr\u00f4le des montants par p\u00e9riode est facilit\u00e9 par le format Excel. La conversion du fichier permet d\u00e9sormais de r\u00e9aliser des cumuls, ou autres calculs, selon vos besoins.<\/p>\n<\/div>\n<\/div>\n<\/section>\n<\/div>\n<\/div>\n<\/div>\n<\/div>\n<\/div>\n","protected":false},"excerpt":{"rendered":"<p>Convertissez tous vos fichiers DSN en XLS L\u2019application permet de [&hellip;]<\/p>\n","protected":false},"featured_media":266,"comment_status":"open","ping_status":"closed","template":"","meta":{"_uf_show_specific_survey":0,"_uf_disable_surveys":false,"jetpack_post_was_ever_published":false,"jetpack_publicize_message":"","jetpack_publicize_feature_enabled":true,"jetpack_social_post_already_shared":true,"jetpack_social_options":{"image_generator_settings":{"template":"highway","enabled":false},"version":2}},"product_brand":[],"product_cat":[27],"product_tag":[31,30,28,32,29],"class_list":{"0":"post-3312","1":"product","2":"type-product","3":"status-publish","4":"has-post-thumbnail","6":"product_cat-declaratif-rh","7":"product_tag-convertisseur","8":"product_tag-csv","9":"product_tag-dsn","10":"product_tag-outil","11":"product_tag-xls","13":"first","14":"instock","15":"downloadable","16":"virtual","17":"sold-individually","18":"purchasable","19":"product-type-simple"},"jetpack_publicize_connections":[],"jetpack_sharing_enabled":true,"jetpack_likes_enabled":true,"jetpack-related-posts":[],"_links":{"self":[{"href":"https:\/\/bssolutionexpertise.com\/index.php\/wp-json\/wp\/v2\/product\/3312","targetHints":{"allow":["GET"]}}],"collection":[{"href":"https:\/\/bssolutionexpertise.com\/index.php\/wp-json\/wp\/v2\/product"}],"about":[{"href":"https:\/\/bssolutionexpertise.com\/index.php\/wp-json\/wp\/v2\/types\/product"}],"replies":[{"embeddable":true,"href":"https:\/\/bssolutionexpertise.com\/index.php\/wp-json\/wp\/v2\/comments?post=3312"}],"wp:featuredmedia":[{"embeddable":true,"href":"https:\/\/bssolutionexpertise.com\/index.php\/wp-json\/wp\/v2\/media\/266"}],"wp:attachment":[{"href":"https:\/\/bssolutionexpertise.com\/index.php\/wp-json\/wp\/v2\/media?parent=3312"}],"wp:term":[{"taxonomy":"product_brand","embeddable":true,"href":"https:\/\/bssolutionexpertise.com\/index.php\/wp-json\/wp\/v2\/product_brand?post=3312"},{"taxonomy":"product_cat","embeddable":true,"href":"https:\/\/bssolutionexpertise.com\/index.php\/wp-json\/wp\/v2\/product_cat?post=3312"},{"taxonomy":"product_tag","embeddable":true,"href":"https:\/\/bssolutionexpertise.com\/index.php\/wp-json\/wp\/v2\/product_tag?post=3312"}],"curies":[{"name":"wp","href":"https:\/\/api.w.org\/{rel}","templated":true}]}}